{"id":2289,"date":"2022-11-02T19:20:25","date_gmt":"2022-11-02T18:20:25","guid":{"rendered":"https:\/\/supershippingwoo.com\/?page_id=2289"},"modified":"2026-04-22T18:40:19","modified_gmt":"2026-04-22T16:40:19","slug":"blog","status":"publish","type":"page","link":"https:\/\/supershippingwoo.com\/en\/blog\/","title":{"rendered":"Blog"},"content":{"rendered":"<div data-elementor-type=\"wp-page\" data-elementor-id=\"2289\" class=\"elementor elementor-2289\" data-elementor-post-type=\"page\">\n\t\t\t\t<div class=\"elementor-element elementor-element-6287986 e-flex e-con-boxed e-con e-parent\" data-id=\"6287986\" data-element_type=\"container\" data-e-type=\"container\" data-settings=\"{&quot;background_background&quot;:&quot;classic&quot;}\">\n\t\t\t\t\t<div class=\"e-con-inner\">\n\t\t\t\t<div class=\"elementor-element elementor-element-5f84540 elementor-widget elementor-widget-heading\" data-id=\"5f84540\" data-element_type=\"widget\" data-e-type=\"widget\" data-widget_type=\"heading.default\">\n\t\t\t\t<div class=\"elementor-widget-container\">\n\t\t\t\t\t<h2 class=\"elementor-heading-title elementor-size-default\">Blog<\/h2>\t\t\t\t<\/div>\n\t\t\t\t<\/div>\n\t\t\t\t<div class=\"elementor-element elementor-element-a67da64 elementor-grid-2 elementor-grid-tablet-2 elementor-grid-mobile-1 elementor-posts--thumbnail-top elementor-card-shadow-yes elementor-posts__hover-gradient elementor-widget elementor-widget-posts\" data-id=\"a67da64\" data-element_type=\"widget\" data-e-type=\"widget\" data-settings=\"{&quot;cards_columns&quot;:&quot;2&quot;,&quot;cards_masonry&quot;:&quot;yes&quot;,&quot;pagination_type&quot;:&quot;numbers&quot;,&quot;cards_columns_tablet&quot;:&quot;2&quot;,&quot;cards_columns_mobile&quot;:&quot;1&quot;,&quot;cards_row_gap&quot;:{&quot;unit&quot;:&quot;px&quot;,&quot;size&quot;:35,&quot;sizes&quot;:[]},&quot;cards_row_gap_tablet_extra&quot;:{&quot;unit&quot;:&quot;px&quot;,&quot;size&quot;:&quot;&quot;,&quot;sizes&quot;:[]},&quot;cards_row_gap_tablet&quot;:{&quot;unit&quot;:&quot;px&quot;,&quot;size&quot;:&quot;&quot;,&quot;sizes&quot;:[]},&quot;cards_row_gap_mobile&quot;:{&quot;unit&quot;:&quot;px&quot;,&quot;size&quot;:&quot;&quot;,&quot;sizes&quot;:[]}}\" data-widget_type=\"posts.cards\">\n\t\t\t\t<div class=\"elementor-widget-container\">\n\t\t\t\t\t\t\t<div class=\"elementor-posts-container elementor-posts elementor-posts--skin-cards elementor-grid\" role=\"list\">\n\t\t\t\t<article class=\"elementor-post elementor-grid-item post-5759 post type-post status-publish format-standard has-post-thumbnail hentry category-uncategorized-es\" role=\"listitem\">\n\t\t\t<div class=\"elementor-post__card\">\n\t\t\t\t<a class=\"elementor-post__thumbnail__link\" href=\"https:\/\/supershippingwoo.com\/en\/carritos-abandonados-gastos-de-envio\/\" tabindex=\"-1\"><div class=\"elementor-post__thumbnail\"><img fetchpriority=\"high\" decoding=\"async\" width=\"1200\" height=\"800\" src=\"https:\/\/supershippingwoo.com\/wp-content\/uploads\/2025\/07\/carritos-abandonados-es-eng.png\" class=\"attachment-medium size-medium wp-image-5767\" alt=\"carritos abandonados por gastos de env\u00edo\" srcset=\"https:\/\/supershippingwoo.com\/wp-content\/uploads\/2025\/07\/carritos-abandonados-es-eng.png 1200w, https:\/\/supershippingwoo.com\/wp-content\/uploads\/2025\/07\/carritos-abandonados-es-eng-768x512.png 768w, https:\/\/supershippingwoo.com\/wp-content\/uploads\/2025\/07\/carritos-abandonados-es-eng-18x12.png 18w, https:\/\/supershippingwoo.com\/wp-content\/uploads\/2025\/07\/carritos-abandonados-es-eng-600x400.png 600w\" sizes=\"(max-width: 1200px) 100vw, 1200px\" \/><\/div><\/a>\n\t\t\t\t<div class=\"elementor-post__text\">\n\t\t\t\t<h3 class=\"elementor-post__title\">\n\t\t\t<a href=\"https:\/\/supershippingwoo.com\/en\/carritos-abandonados-gastos-de-envio\/\">\n\t\t\t\tAbandoned carts: how shipping costs play a role (and what you can do about It)\t\t\t<\/a>\n\t\t<\/h3>\n\t\t\t\t<div class=\"elementor-post__excerpt\">\n\t\t\t<p>Chances are, more than once, you\u2019ve felt the sting of someone abandoning their cart in your online store. You\u2019re not alone<\/p>\n\t\t<\/div>\n\t\t\n\t\t<a class=\"elementor-post__read-more\" href=\"https:\/\/supershippingwoo.com\/en\/carritos-abandonados-gastos-de-envio\/\" aria-label=\"Read more about Carritos abandonados: qu\u00e9 papel juegan los gastos de env\u00edo y c\u00f3mo evitarlos\" tabindex=\"-1\">\n\t\t\tRead more \u00bb\t\t<\/a>\n\n\t\t\t\t<\/div>\n\t\t\t\t\t<\/div>\n\t\t<\/article>\n\t\t\t\t<article class=\"elementor-post elementor-grid-item post-5335 post type-post status-publish format-standard has-post-thumbnail hentry category-envios-woocommerce\" role=\"listitem\">\n\t\t\t<div class=\"elementor-post__card\">\n\t\t\t\t<a class=\"elementor-post__thumbnail__link\" href=\"https:\/\/supershippingwoo.com\/en\/elegir-empresa-de-paqueteria-tienda-online\/\" tabindex=\"-1\"><div class=\"elementor-post__thumbnail\"><img decoding=\"async\" width=\"1200\" height=\"800\" src=\"https:\/\/supershippingwoo.com\/wp-content\/uploads\/2024\/10\/astronauta-satisfecho.jpg\" class=\"attachment-medium size-medium wp-image-5346\" alt=\"keys for choosing a courier company\" srcset=\"https:\/\/supershippingwoo.com\/wp-content\/uploads\/2024\/10\/astronauta-satisfecho.jpg 1200w, https:\/\/supershippingwoo.com\/wp-content\/uploads\/2024\/10\/astronauta-satisfecho-768x512.jpg 768w, https:\/\/supershippingwoo.com\/wp-content\/uploads\/2024\/10\/astronauta-satisfecho-18x12.jpg 18w, https:\/\/supershippingwoo.com\/wp-content\/uploads\/2024\/10\/astronauta-satisfecho-600x400.jpg 600w\" sizes=\"(max-width: 1200px) 100vw, 1200px\" \/><\/div><\/a>\n\t\t\t\t<div class=\"elementor-post__text\">\n\t\t\t\t<h3 class=\"elementor-post__title\">\n\t\t\t<a href=\"https:\/\/supershippingwoo.com\/en\/elegir-empresa-de-paqueteria-tienda-online\/\">\n\t\t\t\tKeys to choosing the right courier company for your online store\t\t\t<\/a>\n\t\t<\/h3>\n\t\t\t\t<div class=\"elementor-post__excerpt\">\n\t\t\t<p>Do you have an online store and feel like you\u2019re lost in the unfamiliar world of shipping? You want some guidance, and while all roads will lead your goods to their<\/p>\n\t\t<\/div>\n\t\t\n\t\t<a class=\"elementor-post__read-more\" href=\"https:\/\/supershippingwoo.com\/en\/elegir-empresa-de-paqueteria-tienda-online\/\" aria-label=\"Read more about Claves para elegir la empresa de paqueter\u00eda que necesitas para tu tienda online\" tabindex=\"-1\">\n\t\t\tRead more \u00bb\t\t<\/a>\n\n\t\t\t\t<\/div>\n\t\t\t\t\t<\/div>\n\t\t<\/article>\n\t\t\t\t<article class=\"elementor-post elementor-grid-item post-4851 post type-post status-publish format-standard has-post-thumbnail hentry category-envios-woocommerce\" role=\"listitem\">\n\t\t\t<div class=\"elementor-post__card\">\n\t\t\t\t<a class=\"elementor-post__thumbnail__link\" href=\"https:\/\/supershippingwoo.com\/en\/4-mejores-plugins-de-envio-para-woocommerce\/\" tabindex=\"-1\"><div class=\"elementor-post__thumbnail\"><img decoding=\"async\" width=\"1200\" height=\"800\" src=\"https:\/\/supershippingwoo.com\/wp-content\/uploads\/2024\/05\/4-plugins-de-envios.jpg\" class=\"attachment-medium size-medium wp-image-4853\" alt=\"4 Best Shipping Plugins for WooCommerce\" srcset=\"https:\/\/supershippingwoo.com\/wp-content\/uploads\/2024\/05\/4-plugins-de-envios.jpg 1200w, https:\/\/supershippingwoo.com\/wp-content\/uploads\/2024\/05\/4-plugins-de-envios-768x512.jpg 768w, https:\/\/supershippingwoo.com\/wp-content\/uploads\/2024\/05\/4-plugins-de-envios-18x12.jpg 18w, https:\/\/supershippingwoo.com\/wp-content\/uploads\/2024\/05\/4-plugins-de-envios-600x400.jpg 600w\" sizes=\"(max-width: 1200px) 100vw, 1200px\" \/><\/div><\/a>\n\t\t\t\t<div class=\"elementor-post__text\">\n\t\t\t\t<h3 class=\"elementor-post__title\">\n\t\t\t<a href=\"https:\/\/supershippingwoo.com\/en\/4-mejores-plugins-de-envio-para-woocommerce\/\">\n\t\t\t\t4 Best Shipping Plugins for WooCommerce\t\t\t<\/a>\n\t\t<\/h3>\n\t\t\t\t<div class=\"elementor-post__excerpt\">\n\t\t\t<p>When setting up an online store, there are many moments when we need to decide which tools best fit our needs, whether they relate to design<\/p>\n\t\t<\/div>\n\t\t\n\t\t<a class=\"elementor-post__read-more\" href=\"https:\/\/supershippingwoo.com\/en\/4-mejores-plugins-de-envio-para-woocommerce\/\" aria-label=\"Read more about 4 mejores plugins de env\u00edo para WooCommerce\" tabindex=\"-1\">\n\t\t\tRead more \u00bb\t\t<\/a>\n\n\t\t\t\t<\/div>\n\t\t\t\t\t<\/div>\n\t\t<\/article>\n\t\t\t\t<article class=\"elementor-post elementor-grid-item post-3695 post type-post status-publish format-standard has-post-thumbnail hentry category-envios-woocommerce\" role=\"listitem\">\n\t\t\t<div class=\"elementor-post__card\">\n\t\t\t\t<a class=\"elementor-post__thumbnail__link\" href=\"https:\/\/supershippingwoo.com\/en\/envio-gratis-en-tu-tienda-woocommerce-si-o-no\/\" tabindex=\"-1\"><div class=\"elementor-post__thumbnail\"><img loading=\"lazy\" decoding=\"async\" width=\"1200\" height=\"800\" src=\"https:\/\/supershippingwoo.com\/wp-content\/uploads\/2023\/10\/envios-gratis-si-o-no-o-que.jpg\" class=\"attachment-medium size-medium wp-image-3700\" alt=\"\" srcset=\"https:\/\/supershippingwoo.com\/wp-content\/uploads\/2023\/10\/envios-gratis-si-o-no-o-que.jpg 1200w, https:\/\/supershippingwoo.com\/wp-content\/uploads\/2023\/10\/envios-gratis-si-o-no-o-que-768x512.jpg 768w, https:\/\/supershippingwoo.com\/wp-content\/uploads\/2023\/10\/envios-gratis-si-o-no-o-que-18x12.jpg 18w, https:\/\/supershippingwoo.com\/wp-content\/uploads\/2023\/10\/envios-gratis-si-o-no-o-que-600x400.jpg 600w\" sizes=\"(max-width: 1200px) 100vw, 1200px\" \/><\/div><\/a>\n\t\t\t\t<div class=\"elementor-post__text\">\n\t\t\t\t<h3 class=\"elementor-post__title\">\n\t\t\t<a href=\"https:\/\/supershippingwoo.com\/en\/envio-gratis-en-tu-tienda-woocommerce-si-o-no\/\">\n\t\t\t\tFree shipping in e-commerce: should we go for it or not?\t\t\t<\/a>\n\t\t<\/h3>\n\t\t\t\t<div class=\"elementor-post__excerpt\">\n\t\t\t<p>You've probably seen this happen to more than one of your customers. They're about to finalize their online purchase, just one click away from completing the whole process, and BAM!<\/p>\n\t\t<\/div>\n\t\t\n\t\t<a class=\"elementor-post__read-more\" href=\"https:\/\/supershippingwoo.com\/en\/envio-gratis-en-tu-tienda-woocommerce-si-o-no\/\" aria-label=\"Read more about Env\u00edo gratis en tu tienda WooCommerce, \u00bfs\u00ed o no?\" tabindex=\"-1\">\n\t\t\tRead more \u00bb\t\t<\/a>\n\n\t\t\t\t<\/div>\n\t\t\t\t\t<\/div>\n\t\t<\/article>\n\t\t\t\t<article class=\"elementor-post elementor-grid-item post-3219 post type-post status-publish format-standard has-post-thumbnail hentry category-envios-woocommerce\" role=\"listitem\">\n\t\t\t<div class=\"elementor-post__card\">\n\t\t\t\t<a class=\"elementor-post__thumbnail__link\" href=\"https:\/\/supershippingwoo.com\/en\/fideliza-a-tus-clientes-enviar-un-paquete-tras-una-compra-no-es-el-fin-de-la-relacion\/\" tabindex=\"-1\"><div class=\"elementor-post__thumbnail\"><img loading=\"lazy\" decoding=\"async\" width=\"1200\" height=\"800\" src=\"https:\/\/supershippingwoo.com\/wp-content\/uploads\/2023\/06\/Fideliza-a-tus-clientes.jpg\" class=\"attachment-medium size-medium wp-image-3221\" alt=\"c\u00f3mo fidelizar a los clientes tras enviar el producto\" srcset=\"https:\/\/supershippingwoo.com\/wp-content\/uploads\/2023\/06\/Fideliza-a-tus-clientes.jpg 1200w, https:\/\/supershippingwoo.com\/wp-content\/uploads\/2023\/06\/Fideliza-a-tus-clientes-768x512.jpg 768w, https:\/\/supershippingwoo.com\/wp-content\/uploads\/2023\/06\/Fideliza-a-tus-clientes-600x400.jpg 600w\" sizes=\"(max-width: 1200px) 100vw, 1200px\" \/><\/div><\/a>\n\t\t\t\t<div class=\"elementor-post__text\">\n\t\t\t\t<h3 class=\"elementor-post__title\">\n\t\t\t<a href=\"https:\/\/supershippingwoo.com\/en\/fideliza-a-tus-clientes-enviar-un-paquete-tras-una-compra-no-es-el-fin-de-la-relacion\/\">\n\t\t\t\tBuild customer loyalty: sending a package after a purchase is not the end of the relationship.\t\t\t<\/a>\n\t\t<\/h3>\n\t\t\t\t<div class=\"elementor-post__excerpt\">\n\t\t\t<p>Done! The moment has been sweet, and yes, dear online store owner, it has filled you with pride and satisfaction. It has been the culmination of a series of<\/p>\n\t\t<\/div>\n\t\t\n\t\t<a class=\"elementor-post__read-more\" href=\"https:\/\/supershippingwoo.com\/en\/fideliza-a-tus-clientes-enviar-un-paquete-tras-una-compra-no-es-el-fin-de-la-relacion\/\" aria-label=\"Read more about Fideliza a tus clientes: enviar un paquete tras una compra no es el fin de la relaci\u00f3n\" tabindex=\"-1\">\n\t\t\tRead more \u00bb\t\t<\/a>\n\n\t\t\t\t<\/div>\n\t\t\t\t\t<\/div>\n\t\t<\/article>\n\t\t\t\t<article class=\"elementor-post elementor-grid-item post-2818 post type-post status-publish format-standard has-post-thumbnail hentry category-envios-woocommerce tag-gastos-de-envio tag-peso-volumetrico tag-woocommerce\" role=\"listitem\">\n\t\t\t<div class=\"elementor-post__card\">\n\t\t\t\t<a class=\"elementor-post__thumbnail__link\" href=\"https:\/\/supershippingwoo.com\/en\/envios-peso-volumetrico-woocommerce\/\" tabindex=\"-1\"><div class=\"elementor-post__thumbnail\"><img loading=\"lazy\" decoding=\"async\" width=\"1200\" height=\"800\" src=\"https:\/\/supershippingwoo.com\/wp-content\/uploads\/2023\/03\/Enviar-por-peso-volumetrico-en-WooCommerce.jpg\" class=\"attachment-medium size-medium wp-image-2819\" alt=\"\" srcset=\"https:\/\/supershippingwoo.com\/wp-content\/uploads\/2023\/03\/Enviar-por-peso-volumetrico-en-WooCommerce.jpg 1200w, https:\/\/supershippingwoo.com\/wp-content\/uploads\/2023\/03\/Enviar-por-peso-volumetrico-en-WooCommerce-600x400.jpg 600w, https:\/\/supershippingwoo.com\/wp-content\/uploads\/2023\/03\/Enviar-por-peso-volumetrico-en-WooCommerce-768x512.jpg 768w\" sizes=\"(max-width: 1200px) 100vw, 1200px\" \/><\/div><\/a>\n\t\t\t\t<div class=\"elementor-post__text\">\n\t\t\t\t<h3 class=\"elementor-post__title\">\n\t\t\t<a href=\"https:\/\/supershippingwoo.com\/en\/envios-peso-volumetrico-woocommerce\/\">\n\t\t\t\tLarge Shipments: volumetric weight in WooCommerce and how to configure it with Super Shipping\t\t\t<\/a>\n\t\t<\/h3>\n\t\t\t\t<div class=\"elementor-post__excerpt\">\n\t\t\t<p>If you are the owner of an online store (or are considering creating one soon) that sells larger-than-normal products (furniture, appliances, or simply items that take up a significant amount of space)<\/p>\n\t\t<\/div>\n\t\t\n\t\t<a class=\"elementor-post__read-more\" href=\"https:\/\/supershippingwoo.com\/en\/envios-peso-volumetrico-woocommerce\/\" aria-label=\"Read more about Env\u00edos voluminosos: el peso volum\u00e9trico en WooCommerce y c\u00f3mo configurarlo con Super Shipping\" tabindex=\"-1\">\n\t\t\tRead more \u00bb\t\t<\/a>\n\n\t\t\t\t<\/div>\n\t\t\t\t\t<\/div>\n\t\t<\/article>\n\t\t\t\t<\/div>\n\t\t\n\t\t\t\t<div class=\"e-load-more-anchor\" data-page=\"1\" data-max-page=\"2\" data-next-page=\"https:\/\/supershippingwoo.com\/en\/wp-json\/wp\/v2\/pages\/2289\/page\/2\/\"><\/div>\n\t\t\t\t<nav class=\"elementor-pagination\" aria-label=\"Pagination\">\n\t\t\t<span aria-current=\"page\" class=\"page-numbers current\"><span class=\"elementor-screen-only\">Page<\/span>1<\/span>\n<a class=\"page-numbers\" href=\"https:\/\/supershippingwoo.com\/en\/wp-json\/wp\/v2\/pages\/2289\/page\/2\/\"><span class=\"elementor-screen-only\">Page<\/span>2<\/a>\t\t<\/nav>\n\t\t\t\t\t\t<\/div>\n\t\t\t\t<\/div>\n\t\t\t\t\t<\/div>\n\t\t\t\t<\/div>\n\t\t\t\t<\/div>\n\t\t<div style='text-align:left' class='yasr-auto-insert-visitor'><\/div>","protected":false},"excerpt":{"rendered":"<p>Blog<\/p>","protected":false},"author":92,"featured_media":0,"parent":0,"menu_order":0,"comment_status":"closed","ping_status":"closed","template":"","meta":{"_acf_changed":false,"yasr_overall_rating":0,"yasr_post_is_review":"","yasr_auto_insert_disabled":"","yasr_review_type":"","_joinchat":[],"footnotes":""},"class_list":["post-2289","page","type-page","status-publish","hentry"],"acf":[],"yasr_visitor_votes":{"stars_attributes":{"read_only":false,"span_bottom":false},"number_of_votes":0,"sum_votes":0},"_links":{"self":[{"href":"https:\/\/supershippingwoo.com\/en\/wp-json\/wp\/v2\/pages\/2289","targetHints":{"allow":["GET"]}}],"collection":[{"href":"https:\/\/supershippingwoo.com\/en\/wp-json\/wp\/v2\/pages"}],"about":[{"href":"https:\/\/supershippingwoo.com\/en\/wp-json\/wp\/v2\/types\/page"}],"author":[{"embeddable":true,"href":"https:\/\/supershippingwoo.com\/en\/wp-json\/wp\/v2\/users\/92"}],"replies":[{"embeddable":true,"href":"https:\/\/supershippingwoo.com\/en\/wp-json\/wp\/v2\/comments?post=2289"}],"version-history":[{"count":6,"href":"https:\/\/supershippingwoo.com\/en\/wp-json\/wp\/v2\/pages\/2289\/revisions"}],"predecessor-version":[{"id":6610,"href":"https:\/\/supershippingwoo.com\/en\/wp-json\/wp\/v2\/pages\/2289\/revisions\/6610"}],"wp:attachment":[{"href":"https:\/\/supershippingwoo.com\/en\/wp-json\/wp\/v2\/media?parent=2289"}],"curies":[{"name":"wp","href":"https:\/\/api.w.org\/{rel}","templated":true}]}}