{"id":2230,"date":"2022-10-24T18:26:55","date_gmt":"2022-10-24T16:26:55","guid":{"rendered":"https:\/\/supershippingwoo.com\/?page_id=2230"},"modified":"2022-10-25T21:43:33","modified_gmt":"2022-10-25T19:43:33","slug":"terminos-y-condiciones-del-programa-de-afiliacion","status":"publish","type":"page","link":"https:\/\/supershippingwoo.com\/es\/terminos-y-condiciones-del-programa-de-afiliacion\/","title":{"rendered":"T\u00e9rminos y condiciones del programa de Afiliaci\u00f3n"},"content":{"rendered":"\n<h2 class=\"wp-block-heading\">Identidad de las partes del contrato<\/h2>\n\n\n\n<p>Las partes del contrato son: De una parte, Rafael Gallego Trillo, con domicilio social: C\/Ram\u00f3n Barranco, 17, 41820 Carri\u00f3n de los C\u00e9spedes (Sevilla), con NC.I.F.: 32049404P, correo electr\u00f3nico de contacto: info@supershippingwoo.com. Y de otra, el AFILIADO, en tanto que persona f\u00edsica mayor de 18 a\u00f1os o persona jur\u00eddica legalmente constituida, leg\u00edtima titular de uno o varios sitios web, que desee participar en el programa de afiliados de Super Shipping para WooCommerce (propiedad de Rafael Gallego), conforme a lo establecido en las presentes condiciones de afiliaci\u00f3n.<\/p>\n\n\n\n<h2 class=\"wp-block-heading\">Condiciones de uso del afiliado<\/h2>\n\n\n\n<p>Como afiliado autorizado (Afiliado) de Super Shipping para WooCommerce, usted se compromete a cumplir con los t\u00e9rminos y condiciones contenidos en este Acuerdo. Por favor, lea todo el Acuerdo cuidadosamente antes de registrarse y promover Super Shipping para WooCommerce como afiliado.<\/p>\n\n\n\n<p>Su participaci\u00f3n en el Programa es \u00fanicamente para publicitar legalmente nuestro sitio web para recibir una comisi\u00f3n sobre los productos comprados por individuos referidos a Super Shipping para WooCommerce por su propio sitio web o por referencias personales.<\/p>\n\n\n\n<p>Al inscribirse en el Programa de Afiliaci\u00f3n de Super Shipping para WooCommerce (Programa), usted indica que acepta este Acuerdo y sus t\u00e9rminos y condiciones.<\/p>\n\n\n\n<h2 class=\"wp-block-heading\">Aprobaci\u00f3n o rechazo de la solicitud<\/h2>\n\n\n\n<p>Nos reservamos el derecho de aprobar o rechazar CUALQUIER Solicitud del Programa de Afiliados a nuestra \u00fanica y absoluta discreci\u00f3n. Usted no tendr\u00e1 ning\u00fan recurso legal contra nosotros por el rechazo de su Solicitud de Programa de Afiliaci\u00f3n.<\/p>\n\n\n\n<h2 class=\"wp-block-heading\">Comisiones, devengo y forma de pago<\/h2>\n\n\n\n<p>Se establece un \u00fanico porcentaje de comisi\u00f3n del 25% sobre el precio de los planes (sin incluir impuestos aplicables (como el IVA) en cada pedido realizado por primera vez por un referido dentro del plazo de 60 d\u00edas inmediatamente posterior al acceso a la web desde el enlace ofrecido. De producirse el borrado de la cookie de seguimiento por parte del usuario, el afiliado no tendr\u00e1 derecho a comisi\u00f3n alguna, por resultar imposible detectar que la contrataci\u00f3n se realiza a trav\u00e9s del enlace referido.<\/p>\n\n\n\n<p>Por otra parte, y como todos los v\u00ednculos de cada afiliado instalan la cookie de seguimiento, si un usuario hace click sobre el v\u00ednculo de un afiliado y posteriormente lo hace sobre el de otro afiliado diferente, la cookie de seguimiento de esta \u00faltima url sustituir\u00e1 a la anterior, por lo que si ese usuario contrata alg\u00fan plan de Super Shipping para WooCommerce se le aplicar\u00e1 la comisi\u00f3n al titular del \u00faltimo v\u00ednculo sobre el que el usuario haya hecho click.<\/p>\n\n\n\n<p>Las comisiones se pagar\u00e1n una vez al mes o el tiempo estipulado entre las partes. El pago se realizar\u00e1 mediante transferencia bancaria o PayPal amigo, y el afiliado emitir\u00e1 una factura a Rafael Gallego Trillo, a\u00f1adiendo los impuestos correspondientes.<\/p>\n\n\n\n<p>Para que un afiliado reciba una comisi\u00f3n, la cuenta referida debe permanecer activa durante un m\u00ednimo de 31 d\u00edas, tiempo que contempla que todo nuevo cliente pruebe el servicio y, en caso de desistir del contrato, solicite la devoluci\u00f3n del importe pagado por el mismo y se produzca finalmente el reintegro en su cuenta bancaria.<\/p>\n\n\n\n<p>Usted no puede referirse a s\u00ed mismo, y no recibir\u00e1 una comisi\u00f3n por sus propias cuentas.<\/p>\n\n\n\n<p>Los pagos s\u00f3lo se enviar\u00e1n por las transacciones que se hayan completado con \u00e9xito. Las transacciones que den lugar a devoluciones o reembolsos no se pagar\u00e1n.<\/p>\n\n\n\n<p>Las comisiones no ser\u00e1n recurrentes, por lo que s\u00f3lo ser\u00e1 v\u00e1lida la comisi\u00f3n del pedido principal del referido.<\/p>\n\n\n\n<h2 class=\"wp-block-heading\">Cancelaci\u00f3n<\/h2>\n\n\n\n<p>Su solicitud de afiliaci\u00f3n y su estatus en el Programa pueden ser suspendidos o cancelados por cualquiera de las siguientes razones<\/p>\n\n\n\n<p>&#8211; Anuncios inapropiados (afirmaciones falsas, hiperv\u00ednculos enga\u00f1osos, etc.).<\/p>\n\n\n\n<p>&#8211; Spamming (correo electr\u00f3nico masivo, publicaci\u00f3n masiva en grupos de noticias, etc.).<\/p>\n\n\n\n<p>&#8211; Publicidad en sitios que contengan o promuevan actividades ilegales.<\/p>\n\n\n\n<p>&#8211; No revelar la relaci\u00f3n de afiliaci\u00f3n para cualquier promoci\u00f3n que se califique como un respaldo seg\u00fan las directrices y reglamentos existentes de la Comisi\u00f3n Federal de Comercio, o cualquier ley estatal aplicable.<\/p>\n\n\n\n<p>&#8211; Violaci\u00f3n de los derechos de propiedad intelectual.&nbsp;Super Shipping para WooCommerce se reserva el derecho de exigir acuerdos de licencia a quienes empleen marcas comerciales de Super Shipping para WooCommerce con el fin de proteger nuestros derechos de propiedad intelectual.<\/p>\n\n\n\n<p>&#8211; Ofrecer reembolsos, cupones u otra forma de devoluci\u00f3n prometida de su comisi\u00f3n de afiliado como incentivo. Sin embargo, es aceptable a\u00f1adir bonos o agrupar otros productos con Super Shipping para WooCommerce.<\/p>\n\n\n\n<p>&#8211; Auto-referencias, transacciones fraudulentas, sospecha de fraude del afiliado.<\/p>\n\n\n\n<p>Adem\u00e1s de lo anterior, Super Shipping para WooCommerce se reserva el derecho de cancelar cualquier cuenta de afiliado en cualquier momento, por cualquier violaci\u00f3n de este Acuerdo o sin raz\u00f3n.<\/p>\n\n\n\n<h2 class=\"wp-block-heading\">Enlaces de afiliados<\/h2>\n\n\n\n<p>Puede utilizar enlaces gr\u00e1ficos y de texto tanto en su sitio web como en sus mensajes de correo electr\u00f3nico. Tambi\u00e9n puede anunciar el sitio de Super Shipping para WooCommerce en anuncios clasificados online y offline, revistas y peri\u00f3dicos.<\/p>\n\n\n\n<p>Puede utilizar los gr\u00e1ficos y textos proporcionados por nosotros, o puede crear los suyos propios siempre que se consideren apropiados de acuerdo con las condiciones y no violen lo indicado en la secci\u00f3n de Terminaci\u00f3n.<\/p>\n\n\n\n<h2 class=\"wp-block-heading\">Responsabilidad<\/h2>\n\n\n\n<p>Super Shipping para WooCommerce no ser\u00e1 responsable de los da\u00f1os indirectos o accidentales (p\u00e9rdida de ingresos, comisiones) debidos a fallos en el seguimiento de los afiliados, p\u00e9rdida de archivos de la base de datos, o cualquier resultado de los intentos de da\u00f1o al Programa y\/o a nuestro(s) sitio(s) web.<\/p>\n\n\n\n<p>No ofrecemos ninguna garant\u00eda expresa o impl\u00edcita con respecto al Programa y\/o a las afiliaciones o productos vendidos por Super Shipping para WooCommerce. No hacemos ninguna afirmaci\u00f3n de que el funcionamiento del Programa y\/o de nuestro(s) sitio(s) web estar\u00e1 libre de errores y no seremos responsables de cualquier interrupci\u00f3n o error.<\/p>\n\n\n\n<h2 class=\"wp-block-heading\">Duraci\u00f3n del Acuerdo<\/h2>\n\n\n\n<p>La vigencia de este Acuerdo comienza con su aceptaci\u00f3n en el Programa y terminar\u00e1 cuando su cuenta de Afiliado sea cancelada.<\/p>\n\n\n\n<p>Los t\u00e9rminos y condiciones de este acuerdo pueden ser modificados por nosotros en cualquier momento. Si cualquier modificaci\u00f3n de los t\u00e9rminos y condiciones de este acuerdo es inaceptable para usted, su \u00fanica opci\u00f3n es cancelar su cuenta de afiliado. Su participaci\u00f3n continua en el Programa constituir\u00e1 su aceptaci\u00f3n de cualquier cambio.<\/p>\n\n\n\n<h2 class=\"wp-block-heading\">Indemnizaci\u00f3n<\/h2>\n\n\n\n<p>El Afiliado indemnizar\u00e1 y mantendr\u00e1 indemne a Super Shipping para WooCommerce y a sus empleados, licenciatarios, sucesores y cesionarios, incluyendo aquellos con licencia o autorizaci\u00f3n de Super Shipping para WooCommerce para transmitir y distribuir materiales, de cualquier y toda responsabilidad, da\u00f1os, multas, juicios, reclamaciones, costos, p\u00e9rdidas y gastos (incluyendo honorarios y costos legales razonables) que surjan de o est\u00e9n relacionados con cualquier y toda reclamaci\u00f3n sostenida en relaci\u00f3n con este Acuerdo debido a la negligencia, tergiversaci\u00f3n, falta de divulgaci\u00f3n o mala conducta intencional del Afiliado.<\/p>\n\n\n\n<h2 class=\"wp-block-heading\">Firmas electr\u00f3nicas efectivas<\/h2>\n\n\n\n<p>El Acuerdo es un contrato electr\u00f3nico que establece los t\u00e9rminos legalmente vinculantes de su participaci\u00f3n en el programa de afiliados de Super Shipping para WooCommerce. Usted indica su aceptaci\u00f3n de este Acuerdo y de todos los t\u00e9rminos y condiciones contenidos o referidos en este Acuerdo al formar parte del programa de Afiliaci\u00f3n de Super Shipping para WooCommerce.<\/p>\n\n\n\n<h2 class=\"wp-block-heading\">Legislaci\u00f3n<\/h2>\n\n\n\n<p>En los aspectos no estipulados en el presente contrato, as\u00ed como en la interpretaci\u00f3n y resoluci\u00f3n de los conflictos que pudieran existir entre las partes como consecuencia de los mismos, ser\u00e1 de aplicaci\u00f3n la legislaci\u00f3n espa\u00f1ola. Para resolver cualquier tipo de controversias que pudieran surgir como consecuencia de la interpretaci\u00f3n y ejecuci\u00f3n de este contrato de afiliaci\u00f3n, ambas partes se someter\u00e1n a la jurisdicci\u00f3n y competencia de los Juzgados y Tribunales de Sevilla.<\/p>\n<div style='text-align:left' class='yasr-auto-insert-visitor'><\/div>","protected":false},"excerpt":{"rendered":"<p>Identidad de las partes del contrato Las partes del contrato son: De una parte, Rafael Gallego Trillo, con domicilio social: C\/Ram\u00f3n Barranco, 17, 41820 Carri\u00f3n de los C\u00e9spedes (Sevilla), con NC.I.F.: 32049404P, correo electr\u00f3nico de contacto: info@supershippingwoo.com. Y de otra, el AFILIADO, en tanto que persona f\u00edsica mayor de 18 a\u00f1os o persona jur\u00eddica legalmente [&hellip;]<\/p>\n","protected":false},"author":92,"featured_media":0,"parent":0,"menu_order":0,"comment_status":"closed","ping_status":"closed","template":"","meta":{"_acf_changed":false,"yasr_overall_rating":0,"yasr_post_is_review":"","yasr_auto_insert_disabled":"","yasr_review_type":"","_joinchat":[],"footnotes":""},"class_list":["post-2230","page","type-page","status-publish","hentry"],"acf":[],"yasr_visitor_votes":{"stars_attributes":{"read_only":false,"span_bottom":false},"number_of_votes":0,"sum_votes":0},"_links":{"self":[{"href":"https:\/\/supershippingwoo.com\/es\/wp-json\/wp\/v2\/pages\/2230","targetHints":{"allow":["GET"]}}],"collection":[{"href":"https:\/\/supershippingwoo.com\/es\/wp-json\/wp\/v2\/pages"}],"about":[{"href":"https:\/\/supershippingwoo.com\/es\/wp-json\/wp\/v2\/types\/page"}],"author":[{"embeddable":true,"href":"https:\/\/supershippingwoo.com\/es\/wp-json\/wp\/v2\/users\/92"}],"replies":[{"embeddable":true,"href":"https:\/\/supershippingwoo.com\/es\/wp-json\/wp\/v2\/comments?post=2230"}],"version-history":[{"count":0,"href":"https:\/\/supershippingwoo.com\/es\/wp-json\/wp\/v2\/pages\/2230\/revisions"}],"wp:attachment":[{"href":"https:\/\/supershippingwoo.com\/es\/wp-json\/wp\/v2\/media?parent=2230"}],"curies":[{"name":"wp","href":"https:\/\/api.w.org\/{rel}","templated":true}]}}