{"id":2289,"date":"2022-11-02T19:20:25","date_gmt":"2022-11-02T18:20:25","guid":{"rendered":"https:\/\/supershippingwoo.com\/?page_id=2289"},"modified":"2026-04-22T18:40:19","modified_gmt":"2026-04-22T16:40:19","slug":"blog","status":"publish","type":"page","link":"https:\/\/supershippingwoo.com\/es\/blog\/","title":{"rendered":"Blog"},"content":{"rendered":"\t\t<div data-elementor-type=\"wp-page\" data-elementor-id=\"2289\" class=\"elementor elementor-2289\" data-elementor-post-type=\"page\">\n\t\t\t\t<div class=\"elementor-element elementor-element-6287986 e-flex e-con-boxed e-con e-parent\" data-id=\"6287986\" data-element_type=\"container\" data-e-type=\"container\" data-settings=\"{&quot;background_background&quot;:&quot;classic&quot;}\">\n\t\t\t\t\t<div class=\"e-con-inner\">\n\t\t\t\t<div class=\"elementor-element elementor-element-5f84540 elementor-widget elementor-widget-heading\" data-id=\"5f84540\" data-element_type=\"widget\" data-e-type=\"widget\" data-widget_type=\"heading.default\">\n\t\t\t\t<div class=\"elementor-widget-container\">\n\t\t\t\t\t<h2 class=\"elementor-heading-title elementor-size-default\">Blog<\/h2>\t\t\t\t<\/div>\n\t\t\t\t<\/div>\n\t\t\t\t<div class=\"elementor-element elementor-element-a67da64 elementor-grid-2 elementor-grid-tablet-2 elementor-grid-mobile-1 elementor-posts--thumbnail-top elementor-card-shadow-yes elementor-posts__hover-gradient elementor-widget elementor-widget-posts\" data-id=\"a67da64\" data-element_type=\"widget\" data-e-type=\"widget\" data-settings=\"{&quot;cards_columns&quot;:&quot;2&quot;,&quot;cards_masonry&quot;:&quot;yes&quot;,&quot;pagination_type&quot;:&quot;numbers&quot;,&quot;cards_columns_tablet&quot;:&quot;2&quot;,&quot;cards_columns_mobile&quot;:&quot;1&quot;,&quot;cards_row_gap&quot;:{&quot;unit&quot;:&quot;px&quot;,&quot;size&quot;:35,&quot;sizes&quot;:[]},&quot;cards_row_gap_tablet_extra&quot;:{&quot;unit&quot;:&quot;px&quot;,&quot;size&quot;:&quot;&quot;,&quot;sizes&quot;:[]},&quot;cards_row_gap_tablet&quot;:{&quot;unit&quot;:&quot;px&quot;,&quot;size&quot;:&quot;&quot;,&quot;sizes&quot;:[]},&quot;cards_row_gap_mobile&quot;:{&quot;unit&quot;:&quot;px&quot;,&quot;size&quot;:&quot;&quot;,&quot;sizes&quot;:[]}}\" data-widget_type=\"posts.cards\">\n\t\t\t\t<div class=\"elementor-widget-container\">\n\t\t\t\t\t\t\t<div class=\"elementor-posts-container elementor-posts elementor-posts--skin-cards elementor-grid\" role=\"list\">\n\t\t\t\t<article class=\"elementor-post elementor-grid-item post-5759 post type-post status-publish format-standard has-post-thumbnail hentry category-uncategorized-es\" role=\"listitem\">\n\t\t\t<div class=\"elementor-post__card\">\n\t\t\t\t<a class=\"elementor-post__thumbnail__link\" href=\"https:\/\/supershippingwoo.com\/es\/carritos-abandonados-gastos-de-envio\/\" tabindex=\"-1\"><div class=\"elementor-post__thumbnail\"><img fetchpriority=\"high\" decoding=\"async\" width=\"1200\" height=\"800\" src=\"https:\/\/supershippingwoo.com\/wp-content\/uploads\/2025\/07\/carritos-abandonados-es-eng.png\" class=\"attachment-medium size-medium wp-image-5767\" alt=\"carritos abandonados por gastos de env\u00edo\" srcset=\"https:\/\/supershippingwoo.com\/wp-content\/uploads\/2025\/07\/carritos-abandonados-es-eng.png 1200w, https:\/\/supershippingwoo.com\/wp-content\/uploads\/2025\/07\/carritos-abandonados-es-eng-768x512.png 768w, https:\/\/supershippingwoo.com\/wp-content\/uploads\/2025\/07\/carritos-abandonados-es-eng-18x12.png 18w, https:\/\/supershippingwoo.com\/wp-content\/uploads\/2025\/07\/carritos-abandonados-es-eng-600x400.png 600w\" sizes=\"(max-width: 1200px) 100vw, 1200px\" \/><\/div><\/a>\n\t\t\t\t<div class=\"elementor-post__text\">\n\t\t\t\t<h3 class=\"elementor-post__title\">\n\t\t\t<a href=\"https:\/\/supershippingwoo.com\/es\/carritos-abandonados-gastos-de-envio\/\">\n\t\t\t\tCarritos abandonados: qu\u00e9 papel juegan los gastos de env\u00edo y c\u00f3mo evitarlos\t\t\t<\/a>\n\t\t<\/h3>\n\t\t\t\t<div class=\"elementor-post__excerpt\">\n\t\t\t<p>Seguramente, y en m\u00e1s de una ocasi\u00f3n, habr\u00e1s sufrido en tus carnes el abandono de un carrito en tu comercio electr\u00f3nico. En esta situaci\u00f3n no est\u00e1s solo, ya que los<\/p>\n\t\t<\/div>\n\t\t\n\t\t<a class=\"elementor-post__read-more\" href=\"https:\/\/supershippingwoo.com\/es\/carritos-abandonados-gastos-de-envio\/\" aria-label=\"M\u00e1s informaci\u00f3n sobre Carritos abandonados: qu\u00e9 papel juegan los gastos de env\u00edo y c\u00f3mo evitarlos\" tabindex=\"-1\">\n\t\t\tLeer m\u00e1s \u00bb\t\t<\/a>\n\n\t\t\t\t<\/div>\n\t\t\t\t\t<\/div>\n\t\t<\/article>\n\t\t\t\t<article class=\"elementor-post elementor-grid-item post-5335 post type-post status-publish format-standard has-post-thumbnail hentry category-envios-woocommerce\" role=\"listitem\">\n\t\t\t<div class=\"elementor-post__card\">\n\t\t\t\t<a class=\"elementor-post__thumbnail__link\" href=\"https:\/\/supershippingwoo.com\/es\/elegir-empresa-de-paqueteria-tienda-online\/\" tabindex=\"-1\"><div class=\"elementor-post__thumbnail\"><img decoding=\"async\" width=\"1200\" height=\"800\" src=\"https:\/\/supershippingwoo.com\/wp-content\/uploads\/2024\/10\/astronauta-satisfecho.jpg\" class=\"attachment-medium size-medium wp-image-5346\" alt=\"claves para elegir una empresa de paqueter\u00eda\" srcset=\"https:\/\/supershippingwoo.com\/wp-content\/uploads\/2024\/10\/astronauta-satisfecho.jpg 1200w, https:\/\/supershippingwoo.com\/wp-content\/uploads\/2024\/10\/astronauta-satisfecho-768x512.jpg 768w, https:\/\/supershippingwoo.com\/wp-content\/uploads\/2024\/10\/astronauta-satisfecho-18x12.jpg 18w, https:\/\/supershippingwoo.com\/wp-content\/uploads\/2024\/10\/astronauta-satisfecho-600x400.jpg 600w\" sizes=\"(max-width: 1200px) 100vw, 1200px\" \/><\/div><\/a>\n\t\t\t\t<div class=\"elementor-post__text\">\n\t\t\t\t<h3 class=\"elementor-post__title\">\n\t\t\t<a href=\"https:\/\/supershippingwoo.com\/es\/elegir-empresa-de-paqueteria-tienda-online\/\">\n\t\t\t\tClaves para elegir la empresa de paqueter\u00eda que necesitas para tu tienda online\t\t\t<\/a>\n\t\t<\/h3>\n\t\t\t\t<div class=\"elementor-post__excerpt\">\n\t\t\t<p>\u00bfTienes una tienda online y sientes que est\u00e1s como sin br\u00fajula en el desconocido mundo de la paqueter\u00eda? Quieres orientarte y, aunque todos los caminos conducir\u00e1n tu mercanc\u00eda hacia su<\/p>\n\t\t<\/div>\n\t\t\n\t\t<a class=\"elementor-post__read-more\" href=\"https:\/\/supershippingwoo.com\/es\/elegir-empresa-de-paqueteria-tienda-online\/\" aria-label=\"M\u00e1s informaci\u00f3n sobre Claves para elegir la empresa de paqueter\u00eda que necesitas para tu tienda online\" tabindex=\"-1\">\n\t\t\tLeer m\u00e1s \u00bb\t\t<\/a>\n\n\t\t\t\t<\/div>\n\t\t\t\t\t<\/div>\n\t\t<\/article>\n\t\t\t\t<article class=\"elementor-post elementor-grid-item post-4851 post type-post status-publish format-standard has-post-thumbnail hentry category-envios-woocommerce\" role=\"listitem\">\n\t\t\t<div class=\"elementor-post__card\">\n\t\t\t\t<a class=\"elementor-post__thumbnail__link\" href=\"https:\/\/supershippingwoo.com\/es\/4-mejores-plugins-de-envio-para-woocommerce\/\" tabindex=\"-1\"><div class=\"elementor-post__thumbnail\"><img decoding=\"async\" width=\"1200\" height=\"800\" src=\"https:\/\/supershippingwoo.com\/wp-content\/uploads\/2024\/05\/4-plugins-de-envios.jpg\" class=\"attachment-medium size-medium wp-image-4853\" alt=\"4 mejores plugins de env\u00edo para WooCommerce\" srcset=\"https:\/\/supershippingwoo.com\/wp-content\/uploads\/2024\/05\/4-plugins-de-envios.jpg 1200w, https:\/\/supershippingwoo.com\/wp-content\/uploads\/2024\/05\/4-plugins-de-envios-768x512.jpg 768w, https:\/\/supershippingwoo.com\/wp-content\/uploads\/2024\/05\/4-plugins-de-envios-18x12.jpg 18w, https:\/\/supershippingwoo.com\/wp-content\/uploads\/2024\/05\/4-plugins-de-envios-600x400.jpg 600w\" sizes=\"(max-width: 1200px) 100vw, 1200px\" \/><\/div><\/a>\n\t\t\t\t<div class=\"elementor-post__text\">\n\t\t\t\t<h3 class=\"elementor-post__title\">\n\t\t\t<a href=\"https:\/\/supershippingwoo.com\/es\/4-mejores-plugins-de-envio-para-woocommerce\/\">\n\t\t\t\t4 mejores plugins de env\u00edo para WooCommerce\t\t\t<\/a>\n\t\t<\/h3>\n\t\t\t\t<div class=\"elementor-post__excerpt\">\n\t\t\t<p>Durante el proceso de creaci\u00f3n de una tienda online hay muchos momentos en el que tenemos que pensar qu\u00e9 herramientas se van a adaptar mejor a nuestras necesidades, ya sean<\/p>\n\t\t<\/div>\n\t\t\n\t\t<a class=\"elementor-post__read-more\" href=\"https:\/\/supershippingwoo.com\/es\/4-mejores-plugins-de-envio-para-woocommerce\/\" aria-label=\"M\u00e1s informaci\u00f3n sobre 4 mejores plugins de env\u00edo para WooCommerce\" tabindex=\"-1\">\n\t\t\tLeer m\u00e1s \u00bb\t\t<\/a>\n\n\t\t\t\t<\/div>\n\t\t\t\t\t<\/div>\n\t\t<\/article>\n\t\t\t\t<article class=\"elementor-post elementor-grid-item post-3695 post type-post status-publish format-standard has-post-thumbnail hentry category-envios-woocommerce\" role=\"listitem\">\n\t\t\t<div class=\"elementor-post__card\">\n\t\t\t\t<a class=\"elementor-post__thumbnail__link\" href=\"https:\/\/supershippingwoo.com\/es\/envio-gratis-en-tu-tienda-woocommerce-si-o-no\/\" tabindex=\"-1\"><div class=\"elementor-post__thumbnail\"><img loading=\"lazy\" decoding=\"async\" width=\"1200\" height=\"800\" src=\"https:\/\/supershippingwoo.com\/wp-content\/uploads\/2023\/10\/envios-gratis-si-o-no-o-que.jpg\" class=\"attachment-medium size-medium wp-image-3700\" alt=\"\" srcset=\"https:\/\/supershippingwoo.com\/wp-content\/uploads\/2023\/10\/envios-gratis-si-o-no-o-que.jpg 1200w, https:\/\/supershippingwoo.com\/wp-content\/uploads\/2023\/10\/envios-gratis-si-o-no-o-que-768x512.jpg 768w, https:\/\/supershippingwoo.com\/wp-content\/uploads\/2023\/10\/envios-gratis-si-o-no-o-que-18x12.jpg 18w, https:\/\/supershippingwoo.com\/wp-content\/uploads\/2023\/10\/envios-gratis-si-o-no-o-que-600x400.jpg 600w\" sizes=\"(max-width: 1200px) 100vw, 1200px\" \/><\/div><\/a>\n\t\t\t\t<div class=\"elementor-post__text\">\n\t\t\t\t<h3 class=\"elementor-post__title\">\n\t\t\t<a href=\"https:\/\/supershippingwoo.com\/es\/envio-gratis-en-tu-tienda-woocommerce-si-o-no\/\">\n\t\t\t\tEnv\u00edo gratis en tu tienda WooCommerce, \u00bfs\u00ed o no?\t\t\t<\/a>\n\t\t<\/h3>\n\t\t\t\t<div class=\"elementor-post__excerpt\">\n\t\t\t<p>Seguramente le habr\u00e1 pasado a m\u00e1s de uno de tus clientes. Est\u00e1 a puntito de terminar la compra online, a un solo click de finalizar todo y \u00a1BUM!, el comprador<\/p>\n\t\t<\/div>\n\t\t\n\t\t<a class=\"elementor-post__read-more\" href=\"https:\/\/supershippingwoo.com\/es\/envio-gratis-en-tu-tienda-woocommerce-si-o-no\/\" aria-label=\"M\u00e1s informaci\u00f3n sobre Env\u00edo gratis en tu tienda WooCommerce, \u00bfs\u00ed o no?\" tabindex=\"-1\">\n\t\t\tLeer m\u00e1s \u00bb\t\t<\/a>\n\n\t\t\t\t<\/div>\n\t\t\t\t\t<\/div>\n\t\t<\/article>\n\t\t\t\t<article class=\"elementor-post elementor-grid-item post-3219 post type-post status-publish format-standard has-post-thumbnail hentry category-envios-woocommerce\" role=\"listitem\">\n\t\t\t<div class=\"elementor-post__card\">\n\t\t\t\t<a class=\"elementor-post__thumbnail__link\" href=\"https:\/\/supershippingwoo.com\/es\/fideliza-a-tus-clientes-enviar-un-paquete-tras-una-compra-no-es-el-fin-de-la-relacion\/\" tabindex=\"-1\"><div class=\"elementor-post__thumbnail\"><img loading=\"lazy\" decoding=\"async\" width=\"1200\" height=\"800\" src=\"https:\/\/supershippingwoo.com\/wp-content\/uploads\/2023\/06\/Fideliza-a-tus-clientes.jpg\" class=\"attachment-medium size-medium wp-image-3221\" alt=\"c\u00f3mo fidelizar a los clientes tras enviar el producto\" srcset=\"https:\/\/supershippingwoo.com\/wp-content\/uploads\/2023\/06\/Fideliza-a-tus-clientes.jpg 1200w, https:\/\/supershippingwoo.com\/wp-content\/uploads\/2023\/06\/Fideliza-a-tus-clientes-768x512.jpg 768w, https:\/\/supershippingwoo.com\/wp-content\/uploads\/2023\/06\/Fideliza-a-tus-clientes-600x400.jpg 600w\" sizes=\"(max-width: 1200px) 100vw, 1200px\" \/><\/div><\/a>\n\t\t\t\t<div class=\"elementor-post__text\">\n\t\t\t\t<h3 class=\"elementor-post__title\">\n\t\t\t<a href=\"https:\/\/supershippingwoo.com\/es\/fideliza-a-tus-clientes-enviar-un-paquete-tras-una-compra-no-es-el-fin-de-la-relacion\/\">\n\t\t\t\tFideliza a tus clientes: enviar un paquete tras una compra no es el fin de la relaci\u00f3n\t\t\t<\/a>\n\t\t<\/h3>\n\t\t\t\t<div class=\"elementor-post__excerpt\">\n\t\t\t<p>\u00a1Hecho! El momento ha sido dulce y, s\u00ed, amigo propietario de una tienda online, te ha llenado de orgullo y satisfacci\u00f3n. Ha sido el culmen de una serie de idas<\/p>\n\t\t<\/div>\n\t\t\n\t\t<a class=\"elementor-post__read-more\" href=\"https:\/\/supershippingwoo.com\/es\/fideliza-a-tus-clientes-enviar-un-paquete-tras-una-compra-no-es-el-fin-de-la-relacion\/\" aria-label=\"M\u00e1s informaci\u00f3n sobre Fideliza a tus clientes: enviar un paquete tras una compra no es el fin de la relaci\u00f3n\" tabindex=\"-1\">\n\t\t\tLeer m\u00e1s \u00bb\t\t<\/a>\n\n\t\t\t\t<\/div>\n\t\t\t\t\t<\/div>\n\t\t<\/article>\n\t\t\t\t<article class=\"elementor-post elementor-grid-item post-2818 post type-post status-publish format-standard has-post-thumbnail hentry category-envios-woocommerce tag-gastos-de-envio tag-peso-volumetrico tag-woocommerce\" role=\"listitem\">\n\t\t\t<div class=\"elementor-post__card\">\n\t\t\t\t<a class=\"elementor-post__thumbnail__link\" href=\"https:\/\/supershippingwoo.com\/es\/envios-peso-volumetrico-woocommerce\/\" tabindex=\"-1\"><div class=\"elementor-post__thumbnail\"><img loading=\"lazy\" decoding=\"async\" width=\"1200\" height=\"800\" src=\"https:\/\/supershippingwoo.com\/wp-content\/uploads\/2023\/03\/Enviar-por-peso-volumetrico-en-WooCommerce.jpg\" class=\"attachment-medium size-medium wp-image-2819\" alt=\"\" srcset=\"https:\/\/supershippingwoo.com\/wp-content\/uploads\/2023\/03\/Enviar-por-peso-volumetrico-en-WooCommerce.jpg 1200w, https:\/\/supershippingwoo.com\/wp-content\/uploads\/2023\/03\/Enviar-por-peso-volumetrico-en-WooCommerce-600x400.jpg 600w, https:\/\/supershippingwoo.com\/wp-content\/uploads\/2023\/03\/Enviar-por-peso-volumetrico-en-WooCommerce-768x512.jpg 768w\" sizes=\"(max-width: 1200px) 100vw, 1200px\" \/><\/div><\/a>\n\t\t\t\t<div class=\"elementor-post__text\">\n\t\t\t\t<h3 class=\"elementor-post__title\">\n\t\t\t<a href=\"https:\/\/supershippingwoo.com\/es\/envios-peso-volumetrico-woocommerce\/\">\n\t\t\t\tEnv\u00edos voluminosos: el peso volum\u00e9trico en WooCommerce y c\u00f3mo configurarlo con Super Shipping\t\t\t<\/a>\n\t\t<\/h3>\n\t\t\t\t<div class=\"elementor-post__excerpt\">\n\t\t\t<p>Si eres el propietario de una tienda online (o est\u00e1s plante\u00e1ndote crear una pr\u00f3ximamente) que vende productos m\u00e1s grandes de lo normal (muebles, electrodom\u00e9sticos, o simplemente art\u00edculos que ocupan bastante<\/p>\n\t\t<\/div>\n\t\t\n\t\t<a class=\"elementor-post__read-more\" href=\"https:\/\/supershippingwoo.com\/es\/envios-peso-volumetrico-woocommerce\/\" aria-label=\"M\u00e1s informaci\u00f3n sobre Env\u00edos voluminosos: el peso volum\u00e9trico en WooCommerce y c\u00f3mo configurarlo con Super Shipping\" tabindex=\"-1\">\n\t\t\tLeer m\u00e1s \u00bb\t\t<\/a>\n\n\t\t\t\t<\/div>\n\t\t\t\t\t<\/div>\n\t\t<\/article>\n\t\t\t\t<\/div>\n\t\t\n\t\t\t\t<div class=\"e-load-more-anchor\" data-page=\"1\" data-max-page=\"2\" data-next-page=\"https:\/\/supershippingwoo.com\/es\/wp-json\/wp\/v2\/pages\/2289\/page\/2\/\"><\/div>\n\t\t\t\t<nav class=\"elementor-pagination\" aria-label=\"Paginaci\u00f3n\">\n\t\t\t<span aria-current=\"page\" class=\"page-numbers current\"><span class=\"elementor-screen-only\">P\u00e1gina<\/span>1<\/span>\n<a class=\"page-numbers\" href=\"https:\/\/supershippingwoo.com\/es\/wp-json\/wp\/v2\/pages\/2289\/page\/2\/\"><span class=\"elementor-screen-only\">P\u00e1gina<\/span>2<\/a>\t\t<\/nav>\n\t\t\t\t\t\t<\/div>\n\t\t\t\t<\/div>\n\t\t\t\t\t<\/div>\n\t\t\t\t<\/div>\n\t\t\t\t<\/div>\n\t\t<div style='text-align:left' class='yasr-auto-insert-visitor'><\/div>","protected":false},"excerpt":{"rendered":"<p>Blog<\/p>\n","protected":false},"author":92,"featured_media":0,"parent":0,"menu_order":0,"comment_status":"closed","ping_status":"closed","template":"","meta":{"_acf_changed":false,"yasr_overall_rating":0,"yasr_post_is_review":"","yasr_auto_insert_disabled":"","yasr_review_type":"","_joinchat":[],"footnotes":""},"class_list":["post-2289","page","type-page","status-publish","hentry"],"acf":[],"yasr_visitor_votes":{"stars_attributes":{"read_only":false,"span_bottom":false},"number_of_votes":0,"sum_votes":0},"_links":{"self":[{"href":"https:\/\/supershippingwoo.com\/es\/wp-json\/wp\/v2\/pages\/2289","targetHints":{"allow":["GET"]}}],"collection":[{"href":"https:\/\/supershippingwoo.com\/es\/wp-json\/wp\/v2\/pages"}],"about":[{"href":"https:\/\/supershippingwoo.com\/es\/wp-json\/wp\/v2\/types\/page"}],"author":[{"embeddable":true,"href":"https:\/\/supershippingwoo.com\/es\/wp-json\/wp\/v2\/users\/92"}],"replies":[{"embeddable":true,"href":"https:\/\/supershippingwoo.com\/es\/wp-json\/wp\/v2\/comments?post=2289"}],"version-history":[{"count":6,"href":"https:\/\/supershippingwoo.com\/es\/wp-json\/wp\/v2\/pages\/2289\/revisions"}],"predecessor-version":[{"id":6610,"href":"https:\/\/supershippingwoo.com\/es\/wp-json\/wp\/v2\/pages\/2289\/revisions\/6610"}],"wp:attachment":[{"href":"https:\/\/supershippingwoo.com\/es\/wp-json\/wp\/v2\/media?parent=2289"}],"curies":[{"name":"wp","href":"https:\/\/api.w.org\/{rel}","templated":true}]}}