{"id":552,"date":"2022-06-08T20:41:59","date_gmt":"2022-06-08T18:41:59","guid":{"rendered":"https:\/\/supershippingwoo.com\/?page_id=552"},"modified":"2026-04-22T18:45:52","modified_gmt":"2026-04-22T16:45:52","slug":"aviso-legal","status":"publish","type":"page","link":"https:\/\/supershippingwoo.com\/es\/aviso-legal\/","title":{"rendered":"Aviso Legal"},"content":{"rendered":"\t\t<div data-elementor-type=\"wp-page\" data-elementor-id=\"552\" class=\"elementor elementor-552\" data-elementor-post-type=\"page\">\n\t\t\t\t<div class=\"elementor-element elementor-element-cf2cf48 e-flex e-con-boxed e-con e-parent\" data-id=\"cf2cf48\" data-element_type=\"container\" data-e-type=\"container\" data-settings=\"{&quot;background_background&quot;:&quot;classic&quot;}\">\n\t\t\t\t\t<div class=\"e-con-inner\">\n\t\t\t\t<div class=\"elementor-element elementor-element-1eb8d3a elementor-widget-divider--view-line elementor-widget elementor-widget-divider\" data-id=\"1eb8d3a\" data-element_type=\"widget\" data-e-type=\"widget\" data-widget_type=\"divider.default\">\n\t\t\t\t<div class=\"elementor-widget-container\">\n\t\t\t\t\t\t\t<div class=\"elementor-divider\">\n\t\t\t<span class=\"elementor-divider-separator\">\n\t\t\t\t\t\t<\/span>\n\t\t<\/div>\n\t\t\t\t\t\t<\/div>\n\t\t\t\t<\/div>\n\t\t\t\t<div class=\"elementor-element elementor-element-ff2235c elementor-widget elementor-widget-heading\" data-id=\"ff2235c\" data-element_type=\"widget\" data-e-type=\"widget\" data-widget_type=\"heading.default\">\n\t\t\t\t<div class=\"elementor-widget-container\">\n\t\t\t\t\t<h2 class=\"elementor-heading-title elementor-size-default\">Aviso Legal<\/h2>\t\t\t\t<\/div>\n\t\t\t\t<\/div>\n\t\t\t\t<div class=\"elementor-element elementor-element-60425d0 elementor-widget-divider--view-line elementor-widget elementor-widget-divider\" data-id=\"60425d0\" data-element_type=\"widget\" data-e-type=\"widget\" data-widget_type=\"divider.default\">\n\t\t\t\t<div class=\"elementor-widget-container\">\n\t\t\t\t\t\t\t<div class=\"elementor-divider\">\n\t\t\t<span class=\"elementor-divider-separator\">\n\t\t\t\t\t\t<\/span>\n\t\t<\/div>\n\t\t\t\t\t\t<\/div>\n\t\t\t\t<\/div>\n\t\t\t\t<div class=\"elementor-element elementor-element-a8d19c8 elementor-widget elementor-widget-text-editor\" data-id=\"a8d19c8\" data-element_type=\"widget\" data-e-type=\"widget\" data-widget_type=\"text-editor.default\">\n\t\t\t\t<div class=\"elementor-widget-container\">\n\t\t\t\t\t\t\t\t\t<p class=\"p1\"><span class=\"s1\"><b>JURISDICCI\u00d3N APLICABLE<\/b><\/span><\/p><p class=\"p1\"><span class=\"s2\">Esta web cumple con las leyes establecidas en los art\u00edculos de la Ley Org\u00e1nica <\/span><span class=\"s3\">3\/2018, de 5 de diciembre, de Protecci\u00f3n de Datos Personales y garant\u00eda de los derechos digitales (LOPDGDD). Cumple tambi\u00e9n con el Reglamento (UE) 2016\/679 del Parlamento Europeo y del Consejo de 27 de abril de 2016 relativo a la protecci\u00f3n de las personas f\u00edsicas (RGPD).<\/span><span class=\"s2\"> Asimismo, cumplimos el art\u00edculo 10 de la Ley 34\/2002, de 11 de julio, de Servicios de la Sociedad de la Informaci\u00f3n y del Comercio Electr\u00f3nico (LSSI-CE). Por lo tanto, a continuaci\u00f3n se reflejan los siguientes datos: el titular de\u00a0<b>supershippingwoo.com <\/b>es <strong>Rafael Gallego Trillo<\/strong> con domicilio en Calle Ram\u00f3n Barranco, 17, Carri\u00f3n de los C\u00e9spedes, (Sevilla), con NIF 32049404P. Correo electr\u00f3nico de contacto: info@supershippingwoo.com<\/span><\/p><p class=\"p1\"><span class=\"s1\"><b>CONDICIONES GENERALES DE USO DEL SITIO SUPERSHIPPINGWOO.COM:<\/b><\/span><\/p><p class=\"p1\"><span class=\"s2\">La p\u00e1gina web supershippingwoo.com pone a disposici\u00f3n del usuario determinados contenidos de car\u00e1cter informativo sobre sus actividades, as\u00ed como actividad de venta de infoproductos.<\/span><\/p><p class=\"p1\"><span class=\"s2\">El acceso al sitio web de <b>supershipping.com<\/b>\u00a0implica sin reservas la aceptaci\u00f3n de las presentes condiciones generales de uso que el usuario afirma comprender en su totalidad. El usuario se compromete a no utilizar el sitio web y los servicios que se ofrecen en el mismo para la realizaci\u00f3n de actividades contrarias a la ley y a respetar en todo momento las presentes condiciones generales.<\/span><\/p><p>Por otra parte, el mero uso de la p\u00e1gina web no significa el inicio de relaci\u00f3n laboral\/comercial alguna.<\/p><p class=\"p1\"><span class=\"s1\"><b>FINALIDAD<\/b><\/span><\/p><p class=\"p1\"><span class=\"s2\">El responsable del sitio web, pone a disposici\u00f3n de los usuarios el presente documento con el que pretende dar cumplimiento a las obligaciones dispuestas en la Ley 34\/2002, de Servicios de la Sociedad de la Informaci\u00f3n y del Comercio Electr\u00f3nico (LSSI-CE), as\u00ed como informar a todos los usuarios del sitio web respecto a cu\u00e1les son las condiciones de uso del sitio web.<\/span><\/p><p class=\"p1\"><span class=\"s2\">Como <strong>tienda online<\/strong>, ofrecemos infoproductos que pueden ser adquiridos mediante el pago a trav\u00e9s de distintos m\u00e9todos de pago. Los datos obtenidos en el proceso de compra son tratados de forma segura mediante un certificado SSL.<\/span><\/p><p>Tambi\u00e9n gestionamos una lista de suscriptores y clientes.<\/p><p>Y, finalmente, podemos dirigir una red de afiliados.<\/p><p class=\"p1\"><span class=\"s1\"><b>RESPONSABILIDAD<\/b><\/span><\/p><p class=\"p1\"><span class=\"s2\"><b>Supershippingwoo.com<\/b>\u00a0no se responsabilizar\u00e1 en forma alguna de cualquier da\u00f1o directo o indirecto que se deriven del uso ilegal o indebido por parte de los usuarios.<\/span><\/p><p class=\"p1\"><span class=\"s2\">Este sitio puede contener v\u00ednculos hipertextuales (\u201cLinks\u201d) a otros sitios y p\u00e1ginas web que pueden no estar controlados por\u00a0<b>Supershippingwoo.com<\/b>, por lo que en estos casos no se responsabilizar\u00e1 de los contenidos que puedan aparecer en dichas p\u00e1ginas.<\/span><\/p><p class=\"p1\"><span class=\"s2\">El usuario acepta expresamente dejar exenta a\u00a0<b>Supershippingwoo.com<\/b>\u00a0de cualquier responsabilidad de los actos u omisiones del usuarios basadas en los contenidos alojados en este sitio.<\/span><\/p><p class=\"p1\"><span class=\"s2\">El usuario entiende y acepta expresamente que cualquier tipo de contenido, software o cualquier otro tipo de material, que descargue u obtenga de cualquier otra forma a trav\u00e9s de este sitio se realiza por su cuenta y riesgo, y que \u00e9l como usuario ser\u00e1 el \u00fanico responsable de cualquier da\u00f1o o p\u00e9rdida de datos causado a sus sistemas inform\u00e1ticos.<\/span><\/p><p class=\"p1\"><span class=\"s2\"><b>Supershippingwoo.com<\/b>\u00a0ha puesto todos los medios razonables para asegurar que la informaci\u00f3n que contiene este sitio es correcta. No obstante, los usuarios del sitio aceptan conocer que parte de la informaci\u00f3n contenida en este sitio podr\u00eda ser incorrecta, estar incompleta o anticuada, o contener errores.<\/span><\/p><p class=\"p1\"><span class=\"s1\"><b>FUNCIONAMIENTO DEL SITIO Y MODIFICACIONES EN CUALQUIER \u00c1MBITO DE LA WEB Y DE LOS SERVICIOS OFRECIDOS<\/b><\/span><\/p><p class=\"p1\"><span class=\"s2\"><b>Supershippingwoo.com<\/b> se reserva el derecho a modificar, en cualquier momento, unilateralmente y sin necesidad de previa notificaci\u00f3n a sus usuarios, los contenidos, la estructura, el funcionamiento o las condiciones de acceso de este sitio as\u00ed como de las condiciones de los servicios que se ofrecen a trav\u00e9s de\u00a0la p\u00e1gina web.<\/span><\/p><p>En este sentido,\u00a0<strong>Supershippingwoo.com\u00a0<\/strong>se reserva el derecho de cambiar en cualquier momento las condiciones de venta y postventa de cualquiera de sus productos.<\/p><p class=\"p1\"><span class=\"s2\">No obstante, los usuarios del sitio son conscientes y aceptan que parte de la informaci\u00f3n contenida en \u00e9l podr\u00eda ser incorrecta, estar incompleta o anticuada, o contener errores tipogr\u00e1ficos.<b> Supershippingwoo.com<\/b>\u00a0no est\u00e1 obligada a actualizar el contenido de este sitio y no ser\u00e1 responsable de la no actualizaci\u00f3n de la informaci\u00f3n. Es de exclusiva responsabilidad del usuario evaluar la exactitud y\/o utilidad de cualquier informaci\u00f3n, consejo, opini\u00f3n, o cualquier otro contenido disponible a trav\u00e9s de este sitio.<\/span><\/p><p class=\"p1\"><span class=\"s2\">Asimismo,\u00a0<b>Supershippingwoo.com<\/b>\u00a0se reserva el derecho a suspender temporalmente, sin necesidad de previo aviso, el acceso a este sitio para realizar operaciones de mantenimiento, actualizaci\u00f3n, mejora o de reparaci\u00f3n.<\/span><\/p><p class=\"p1\"><span class=\"s2\">Con car\u00e1cter general s\u00f3lo podr\u00e1n usar este sitio las personas f\u00edsicas y jur\u00eddicas con capacidad jur\u00eddica suficiente de acuerdo con la legislaci\u00f3n aplicable. De modo excepcional podr\u00e1n usar el sitio menores de edad que hayan obtenido previamente la autorizaci\u00f3n de sus padres o tutores legales, los cuales ser\u00e1n responsables del uso que el menor a su cargo haga del sitio.<\/span><\/p><p class=\"p1\"><span class=\"s1\"><b>PROPIEDAD INTELECTUAL E INDUSTRIAL<\/b><\/span><\/p><p class=\"p1\"><span class=\"s2\">Los contenidos del sitio, incluyendo, a t\u00edtulo enunciativo y no limitativo, las marcas comerciales, logotipos, gr\u00e1ficos, im\u00e1genes, archivos de sonido y v\u00eddeo, software, c\u00f3digo de programaci\u00f3n, textos, iconos, y los nombres que identifican servicios (en adelante \u201clos materiales\u201d) son propiedad de <b>Supershippingwoo.com<\/b>\u00a0y est\u00e1n protegidos por la legislaci\u00f3n vigente en materia de derechos de propiedad intelectual e industrial.<\/span><\/p><p class=\"p1\"><span class=\"s2\">El acceso del usuario a este sitio no implica ning\u00fan tipo de renuncia, transmisi\u00f3n ni cesi\u00f3n, total o parcial, de dichos derechos de propiedad, por esta raz\u00f3n, el acceso a estos contenidos o elementos no otorga, bajo ning\u00fan concepto, al usuario la posibilidad de su copia, venta, modificaci\u00f3n, reproducci\u00f3n, publicaci\u00f3n, cesi\u00f3n, transmisi\u00f3n, o creaci\u00f3n de nuevos productos o servicios derivados de la informaci\u00f3n y elementos aqu\u00ed contenidos.<\/span><\/p><p class=\"p1\"><span class=\"s2\">Es por ello que el usuario de este sitio no podr\u00e1, salvo previa autorizaci\u00f3n expresa y por escrito, copiar, distribuir, descargar, modificar, suprimir, borrar, alterar, publicar, transmitir, o aprovecharse de cualquier forma de los materiales que contiene.<\/span><\/p><p>No se establecer\u00e1n deep-links ni enlaces IMG o de imagen, ni frames con la web de\u00a0<strong>Supershippingwoo.com<\/strong> sin su previa autorizaci\u00f3n expresa.<\/p><p>No se establecer\u00e1 ninguna manifestaci\u00f3n falsa, inexacta o incorrecta sobre la web de\u00a0<strong>Supershippingwoo.com<\/strong>, ni sobre los servicios o contenidos de la misma. Salvo aquellos signos que formen parte del hiperv\u00ednculo, la p\u00e1gina web en la que\u00a0 se establezca no contendr\u00e1 ninguna marca, nombre comercial, r\u00f3tulo de establecimiento, denominaci\u00f3n, logotipo, eslogan u otros signos distintivos pertenecientes a\u00a0<strong>Supershippingwoo.com<\/strong>, salvo autorizaci\u00f3n expresa de \u00e9ste.<\/p><p>El establecimiento del hiperv\u00ednculo no implicar\u00e1 la existencia de relaciones entre\u00a0<strong>Supershippingwoo.com<\/strong>\u00a0y el titular de la p\u00e1gina web o del portal desde el cual se realice, ni el conocimiento y aceptaci\u00f3n de\u00a0<strong>Supershippingwoo.com <\/strong>de los servicios y contenidos ofrecidos en dicha p\u00e1gina web o portal.<\/p><p><strong>Supershippingwoo.com<\/strong>\u00a0no ser\u00e1 responsable de los contenidos o servicios puestos a disposici\u00f3n del p\u00fablico en la p\u00e1gina web o portal desde el cual se realice el hiperv\u00ednculo, ni de las informaciones y manifestaciones incluidas en los mismos.<\/p><p><strong>Supershippingwoo.com<\/strong>\u00a0no asume ning\u00fan tipo de responsabilidad, ni siquiera de forma indirecta o subsidiaria, por los da\u00f1os y perjuicios de toda clase que pudieran derivarse del acceso, mantenimiento, uso, calidad, licitud, fiabilidad y utilidad de los contenidos, informaciones, comunicaciones, opiniones, manifestaciones, productos y servicios existentes u ofrecidos en los sitios web no gestionados por\u00a0<strong>Supershippingwoo.com <\/strong>y que resulten accesibles a trav\u00e9s de<strong> Supershippingwoo.com<\/strong><\/p><p class=\"p1\"><strong><span class=\"s1\">SUSCRIPCI\u00d3N A LA NEWSLETTER O BOLET\u00cdN<\/span><\/strong><\/p><p class=\"p1\"><span class=\"s2\">El cliente puede optar a suscribirse a la Newsletter o servicio de bolet\u00edn mediante correo electr\u00f3nico seleccionando la casilla correspondiente en el alta de Newsletter.<br \/><\/span><\/p><p class=\"p1\"><span class=\"s2\">Aquellos usuarios no suscritos que se convierten en clientes por vez primera, tambi\u00e9n quedan suscritos de forma opcional a nuestras comunicaciones por v\u00eda de e-mail como parte del consentimiento informado en la p\u00e1gina de Finalizar Compra y en conformidad con las Condiciones Generales de Venta aqu\u00ed estipuladas y nuestra\u00a0<a href=\"https:\/\/supershippingwoo.com\/politica-de-privacidad\/\"><span class=\"s4\">Pol\u00edtica de Privacidad<\/span><\/a>.<\/span><\/p><p class=\"p1\"><span class=\"s2\">En cualquier momento el usuario podr\u00e1 darse de baja del servicio del bolet\u00edn electr\u00f3nico haciendo clic en el enlace \u201cdarse de baja\u201d, presente en todos los boletines.<\/span><\/p><p class=\"p1\"><span class=\"s1\"><b>LEY APLICABLE Y JURISDICCI\u00d3N<\/b><\/span><\/p><p class=\"p1\"><span class=\"s2\">Para la resoluci\u00f3n de todas las controversias o cuestiones relacionadas con el presente sitio web o de las actividades en \u00e9l desarrolladas, ser\u00e1 de aplicaci\u00f3n la legislaci\u00f3n espa\u00f1ola, a la que se someten expresamente las partes, siendo competentes para la resoluci\u00f3n de todos los conflictos derivados o relacionados con su uso los Juzgados y Tribunales del domicilio del cliente.<\/span><\/p>\t\t\t\t\t\t\t\t<\/div>\n\t\t\t\t<\/div>\n\t\t\t\t\t<\/div>\n\t\t\t\t<\/div>\n\t\t\t\t<\/div>\n\t\t<div style='text-align:left' class='yasr-auto-insert-visitor'><\/div>","protected":false},"excerpt":{"rendered":"<p>Aviso Legal JURISDICCI\u00d3N APLICABLE Esta web cumple con las leyes establecidas en los art\u00edculos de la Ley Org\u00e1nica 3\/2018, de 5 de diciembre, de Protecci\u00f3n de Datos Personales y garant\u00eda de los derechos digitales (LOPDGDD). Cumple tambi\u00e9n con el Reglamento (UE) 2016\/679 del Parlamento Europeo y del Consejo de 27 de abril de 2016 relativo [&hellip;]<\/p>\n","protected":false},"author":92,"featured_media":0,"parent":0,"menu_order":0,"comment_status":"closed","ping_status":"closed","template":"","meta":{"_acf_changed":false,"yasr_overall_rating":0,"yasr_post_is_review":"","yasr_auto_insert_disabled":"","yasr_review_type":"","_joinchat":[],"footnotes":""},"class_list":["post-552","page","type-page","status-publish","hentry"],"acf":[],"yasr_visitor_votes":{"stars_attributes":{"read_only":false,"span_bottom":false},"number_of_votes":0,"sum_votes":0},"_links":{"self":[{"href":"https:\/\/supershippingwoo.com\/es\/wp-json\/wp\/v2\/pages\/552","targetHints":{"allow":["GET"]}}],"collection":[{"href":"https:\/\/supershippingwoo.com\/es\/wp-json\/wp\/v2\/pages"}],"about":[{"href":"https:\/\/supershippingwoo.com\/es\/wp-json\/wp\/v2\/types\/page"}],"author":[{"embeddable":true,"href":"https:\/\/supershippingwoo.com\/es\/wp-json\/wp\/v2\/users\/92"}],"replies":[{"embeddable":true,"href":"https:\/\/supershippingwoo.com\/es\/wp-json\/wp\/v2\/comments?post=552"}],"version-history":[{"count":15,"href":"https:\/\/supershippingwoo.com\/es\/wp-json\/wp\/v2\/pages\/552\/revisions"}],"predecessor-version":[{"id":6620,"href":"https:\/\/supershippingwoo.com\/es\/wp-json\/wp\/v2\/pages\/552\/revisions\/6620"}],"wp:attachment":[{"href":"https:\/\/supershippingwoo.com\/es\/wp-json\/wp\/v2\/media?parent=552"}],"curies":[{"name":"wp","href":"https:\/\/api.w.org\/{rel}","templated":true}]}}