{"id":576,"date":"2022-06-08T21:19:02","date_gmt":"2022-06-08T19:19:02","guid":{"rendered":"https:\/\/supershippingwoo.com\/?page_id=576"},"modified":"2026-04-22T18:52:13","modified_gmt":"2026-04-22T16:52:13","slug":"politica-de-privacidad","status":"publish","type":"page","link":"https:\/\/supershippingwoo.com\/es\/politica-de-privacidad\/","title":{"rendered":"Pol\u00edtica de Privacidad"},"content":{"rendered":"\t\t<div data-elementor-type=\"wp-page\" data-elementor-id=\"576\" class=\"elementor elementor-576\" data-elementor-post-type=\"page\">\n\t\t\t\t<div class=\"elementor-element elementor-element-9015d3a e-flex e-con-boxed e-con e-parent\" data-id=\"9015d3a\" data-element_type=\"container\" data-e-type=\"container\" data-settings=\"{&quot;background_background&quot;:&quot;classic&quot;}\">\n\t\t\t\t\t<div class=\"e-con-inner\">\n\t\t\t\t<div class=\"elementor-element elementor-element-f5fa4fd elementor-widget-divider--view-line elementor-widget elementor-widget-divider\" data-id=\"f5fa4fd\" data-element_type=\"widget\" data-e-type=\"widget\" data-widget_type=\"divider.default\">\n\t\t\t\t<div class=\"elementor-widget-container\">\n\t\t\t\t\t\t\t<div class=\"elementor-divider\">\n\t\t\t<span class=\"elementor-divider-separator\">\n\t\t\t\t\t\t<\/span>\n\t\t<\/div>\n\t\t\t\t\t\t<\/div>\n\t\t\t\t<\/div>\n\t\t\t\t<div class=\"elementor-element elementor-element-e977133 elementor-widget elementor-widget-heading\" data-id=\"e977133\" data-element_type=\"widget\" data-e-type=\"widget\" data-widget_type=\"heading.default\">\n\t\t\t\t<div class=\"elementor-widget-container\">\n\t\t\t\t\t<h2 class=\"elementor-heading-title elementor-size-default\">Pol\u00edtica de Privacidad<\/h2>\t\t\t\t<\/div>\n\t\t\t\t<\/div>\n\t\t\t\t<div class=\"elementor-element elementor-element-127aa77 elementor-widget-divider--view-line elementor-widget elementor-widget-divider\" data-id=\"127aa77\" data-element_type=\"widget\" data-e-type=\"widget\" data-widget_type=\"divider.default\">\n\t\t\t\t<div class=\"elementor-widget-container\">\n\t\t\t\t\t\t\t<div class=\"elementor-divider\">\n\t\t\t<span class=\"elementor-divider-separator\">\n\t\t\t\t\t\t<\/span>\n\t\t<\/div>\n\t\t\t\t\t\t<\/div>\n\t\t\t\t<\/div>\n\t\t\t\t<div class=\"elementor-element elementor-element-26fb869 elementor-widget elementor-widget-text-editor\" data-id=\"26fb869\" data-element_type=\"widget\" data-e-type=\"widget\" data-widget_type=\"text-editor.default\">\n\t\t\t\t<div class=\"elementor-widget-container\">\n\t\t\t\t\t\t\t\t\t<p><strong>PROTECCI\u00d3N DE DATOS<\/strong><\/p><p>En esta web puedes estar seguro de que tratamos tus datos de la forma m\u00e1s discreta posible y totalmente ajustada a las leyes establecidas a estos efectos. Te explicamos los detalles:<\/p><p>En virtud de lo dispuesto en la Ley 15\/1999, de 13 de diciembre, de Protecci\u00f3n de Datos de Car\u00e1cter Personal, y el Real Decreto 1720\/2007 de 21 de diciembre por el que se aprueba el Reglamento de desarrollo de la Ley Org\u00e1nica y dem\u00e1s normativa vigente en cada momento, te informamos que se le har\u00e1 saber usuario de la existencia y aceptaci\u00f3n de las condiciones particulares del tratamiento de sus datos en cada caso, inform\u00e1ndole de la responsabilidad del fichero creado, la direcci\u00f3n del responsable, la posibilidad de ejercer sus derechos de acceso, rectificaci\u00f3n, cancelaci\u00f3n u oposici\u00f3n, la finalidad del tratamiento y las comunicaciones de datos a terceros en su caso. Asimismo,\u00a0<b>Supershippingwoo.com\u00a0<\/b>informa de que da cumplimiento a la Ley 34\/2002 de 11 de julio, de Servicios de la Sociedad de la Informaci\u00f3n y el Comercio Electr\u00f3nico y le solicitar\u00e1 su consentimiento al tratamiento de su correo electr\u00f3nico con fines comerciales en cada momento. Asimismo, estamos adaptados al Reglamento UE 2016\/679, de 27 de abril de 2016 (RGPD), de la Comisi\u00f3n Europea y del Consejo de Europa, y la Ley Org\u00e1nica 3\/2018, de 5 de diciembre, de Protecci\u00f3n de Datos Personales y garant\u00eda de los derechos digitales (<b>LOPDGDD<\/b>) con la finalidad de unificar y modernizar la normativa europea sobre protecci\u00f3n de datos entre los Estados miembros, permitiendo a los ciudadanos un mejor control de sus datos personales y a las empresas aprovechar las oportunidades del mercado \u00fanico digital.<\/p><p>T\u00fa, como usuario, puedes ejercer, en cualquier momento, los derechos de acceso, rectificaci\u00f3n, cancelaci\u00f3n y oposici\u00f3n de sus datos de car\u00e1cter personal mediante correo electr\u00f3nico dirigido a info@supershippingwoo.com\u00a0con la referencia \u201cProtecci\u00f3n de Datos\u201d.<\/p><p><b>RESPONSABLE DEL TRATAMIENTO DE LOS DATOS<\/b><\/p><ul><li><b><\/b><b>Responsable:<\/b>\u00a0Rafael Gallego Trillo<\/li><li><b><\/b><b>Nombre comercial:<\/b>\u00a0Super Shipping para WooCommerce<\/li><li><b><\/b><b>NIF:<\/b>\u00a032049404P<\/li><li><b><\/b><b>Direcci\u00f3n:<\/b>\u00a0C\/Ram\u00f3n Barranco, 17, 41820 Carri\u00f3n de los C\u00e9spedes (Sevilla)<\/li><li><b><\/b><b>Correo electr\u00f3nico:<\/b>\u00a0info@supershippingwoo.com<\/li><li><b><\/b><b>Actividad:<\/b>\u00a0Comercio, servicios y negocios electr\u00f3nicos<p>\u00a0<\/p><\/li><\/ul><p><b>INFORMACI\u00d3N PERSONAL RECOPILADA, FINALIDAD Y CON QUI\u00c9N COMPARTIMOS LOS DATOS<\/b><\/p><p>Los datos recopilados pasar\u00e1n a formar parte de un fichero denominado \u201cClientes\u201d. En este sentido, s\u00f3lo se recopilar\u00e1n datos relativos al contacto con el cliente, as\u00ed como la informaci\u00f3n necesaria para la distribuci\u00f3n de los infoproductos adquiridos en la tienda online. El usuario entiende, as\u00ed, que estos datos son necesarios y obligatorios para cumplir cualquiera de los dos objetivos: ponerse en contacto y enviar el infoproducto en el caso de los clientes, o enviar promociones y novedades a los suscriptores (a los que se les solicita nombre y email).<\/p><p>Estos datos se recogen de dos formas:<\/p><p><b>CLIENTES:\u00a0<\/b>Los datos obtenidos para tal fin se recogen al completar el usuario una compra en la tienda online mediante el formulario ubicado en la p\u00e1gina \u201cFinalizar Compra\u201d. Estos datos de los clientes de la tienda online se recopilan de forma interna en los servidores de la web (cuyo servicio es ofrecido por Arsys), as\u00ed como\u00a0<span style=\"text-align: var(--text-align); font-size: 1rem;\">en el servicio de email marketing Mailchimp que usaremos para contactar puntualmente con aqu\u00e9llos\u00a0 (correos electr\u00f3nicos de novedades, promociones, etc\u2026). Su pol\u00edtica de privacidad es\u00a0<\/span><a style=\"text-align: var(--text-align); font-size: 1rem; background-color: #ffffff;\" href=\"https:\/\/mailchimp.com\/legal\/privacy\/\" target=\"_blank\" rel=\"noopener\">https:\/\/mailchimp.com\/legal\/privacy\/<\/a><\/p><p>STRIPE, para el pago con tarjeta:\u00a0<a href=\"https:\/\/stripe.com\/es\/privacy\" target=\"_blank\" rel=\"noopener\">https:\/\/stripe.com\/es\/privacy<\/a><\/p><p><b style=\"text-align: var(--text-align); font-size: 1rem;\">USUARIOS:\u00a0<\/b><span style=\"text-align: var(--text-align); font-size: 1rem;\">Consideramos Usuarios a aquellas personas que se ponen en contacto con <strong>Supershippingwoo.com<\/strong> para la realizaci\u00f3n de consultas de car\u00e1cter informativo. Las consultas para tal fin son realizadas en la p\u00e1gina \u201cContacto\u201d o mediante correo electr\u00f3nico directo, y el usuario deber\u00e1 incluir su nombre, su email y aceptar la pol\u00edtica de privacidad mediante el marcado de la casilla de verificaci\u00f3n. Estos datos son recopilados tambi\u00e9n en los servidores de la empresa de hosting Arsys.<\/span><\/p><p><b>OTROS DESTINATARIOS<\/b><\/p><p>Mediante las cookies, se pueden proporcionar datos adicionales a otros servicios con el fin de mejorar la el desarrollo de la actividad de la tienda online <strong>Supershippingwoo.com<\/strong>. No obstante, estos datos no son identificables por nosotros, y pueden incluir direcciones IP, ubicaci\u00f3n geogr\u00e1fica (aproximada), un registro de c\u00f3mo se utilizan los servicios y sitios, y otros datos que no pueden ser utilizados para identificar al usuario. Entre los datos no identificativos est\u00e1n tambi\u00e9n los relacionados a tus h\u00e1bitos de navegaci\u00f3n a trav\u00e9s de servicios de terceros. De esta forma, compartimos datos con los siguientes prestadores bajo sus correspondientes condiciones de privacidad:<\/p><p>Google Analytics:\u00a0un servicio anal\u00edtico de web prestado por Google, Inc. Google Analytics utiliza \u201ccookies\u201d, que son archivos de texto ubicados en tu ordenador, para ayudar a <strong>Supershippingwoo.com<\/strong>\u00a0a analizar el uso que hacen los usuarios del sitio web. La informaci\u00f3n que genera la cookie acerca de su uso de nuestra web (incluyendo tu direcci\u00f3n IP) ser\u00e1 directamente transmitida y archivada por Google en los servidores de Estados Unidos.<\/p><p>Usamos el gestor de contenidos WordPress para la creaci\u00f3n de esta p\u00e1gina web. Si tienes una cuenta y te conectas a este sitio, instalaremos una cookie temporal para determinar si tu navegador acepta cookies. Esta cookie no contiene datos personales y se elimina al cerrar el navegador. Cuando inicias sesi\u00f3n, tambi\u00e9n instalaremos varias cookies para guardar tu informaci\u00f3n de inicio de sesi\u00f3n y tus opciones de visualizaci\u00f3n de pantalla. Las cookies de inicio de sesi\u00f3n duran dos d\u00edas, y las cookies de opciones de pantalla duran un a\u00f1o. Si seleccionas \u201cRecordarme\u201d, tu inicio de sesi\u00f3n perdurar\u00e1 durante dos semanas. Si sales de tu cuenta, las cookies de inicio de sesi\u00f3n se eliminar\u00e1n.<\/p><p>En todo momento, si no deseas que estos otros destinatarios rastreen o registren tus visitas, tienes la opci\u00f3n de deshabilitar las cookies de tu navegador. Tienes toda la informaci\u00f3n sobre las cookies aqu\u00ed: <a href=\"https:\/\/supershippingwoo.com\/politica-de-cookies\">https:\/\/supershippingwoo.com\/politica-de-cookies<\/a>\/<\/p><p><b>SEGURIDAD DE LOS DATOS<\/b><\/p><p><strong>Supershippingwoo.com<\/strong> se compromete con el buen uso y tratamiento de los datos personales de los usuarios, respetando su confidencialidad y a utilizarlos de acuerdo con la finalidad de los mismos, as\u00ed como a dar cumplimiento a su obligaci\u00f3n de guardarlos y adaptar todas las medidas para evitar la alteraci\u00f3n, p\u00e9rdida, tratamiento o acceso no autorizado, de conformidad con lo establecido en la normativa vigente de protecci\u00f3n de datos.<\/p><p>Esta web incluye un certificado SSL. Se trata de un protocolo de seguridad que hace que tus datos viajen de manera \u00edntegra y segura, es decir, la transmisi\u00f3n de los datos entre un servidor y usuario web, y en retroalimentaci\u00f3n, es totalmente cifrada o encriptada.<\/p><p><strong>Supershippingwoo.com<\/strong>\u00a0no puede garantizar la absoluta inexpugnabilidad de la red Internet y por tanto la violaci\u00f3n de los datos mediante accesos fraudulentos a ellos por parte de terceros.<\/p><p>Con respecto a la confidencialidad del procesamiento, el responsable de los datos de la web se asegurar\u00e1 de que cualquier persona que est\u00e9 autorizada por <strong>Supershippingwoo.com<\/strong>\u00a0para procesar los datos del cliente (incluido su personal, colaboradores y prestadores), estar\u00e1 bajo la obligaci\u00f3n apropiada de confidencialidad (ya sea un deber contractual o legal).<\/p><p>Cuando se presente alg\u00fan incidente de seguridad, al darse cuenta <strong>Supershippingwoo.com<\/strong>, deber\u00e1 notificar al Cliente sin demoras indebidas y deber\u00e1 proporcionar informaci\u00f3n oportuna relacionada con el Incidente de Seguridad tal como se conozca o cuando el Cliente lo solicite razonablemente.<\/p><p><b>CU\u00c1NTO TIEMPO CONSERVAMOS TUS DATOS Y TUS DERECHOS SOBRE LOS MISMOS<\/b><b><br \/><\/b><\/p><p>Los datos que conservamos, en este caso los de usuarios que se dan de alta en nuestra web, clientes que compran o suscriptores a la newsletter, son almacenados sin fecha de caducidad, de modo que podamos tener una experiencia de usuario completa a pesar del tiempo transcurrido y permitir a los clientes que siempre que quieran puedan recuperar su informaci\u00f3n. Sin embargo, todos los usuarios pueden ver, editar o eliminar su informaci\u00f3n personal en cualquier momento. Los administradores de la web tambi\u00e9n pueden ver y editar esa informaci\u00f3n.<\/p><p>Para ello, basta con ponerse en contacto con nosotros en info@supershippingwoo.com\u00a0y solicitar la correspondiente baja sin condici\u00f3n alguna.<\/p><p><b>VERACIDAD DE LOS DATOS<\/b><\/p><p>Como usuario, eres el \u00fanico responsable de la veracidad y correcci\u00f3n de los datos que remitas a supershippingwoo.com exonerando a Rafael Gallego Trillo de cualquier responsabilidad al respecto.<\/p><p>Los usuarios garantizan y responden, en cualquier caso, de la exactitud, vigencia y autenticidad de los datos personales facilitados, y se comprometen a mantenerlos debidamente actualizados. El usuario acepta proporcionar informaci\u00f3n completa y correcta en el formulario de contacto o suscripci\u00f3n.<\/p><p><b>ACEPTACI\u00d3N Y CONSENTIMIENTO<\/b><b><br \/><\/b><\/p><p>T\u00fa, como usuario, declaras haber sido informado de las condiciones sobre protecci\u00f3n de datos de car\u00e1cter personal que hemos expuesto en este apartado, y aceptas y consientes el tratamiento de los mismos por parte del titular en la forma y para las finalidades indicadas en esta pol\u00edtica de privacidad.<\/p><p>Por supuesto, este consentimiento prestado, tanto para el tratamiento como para la cesi\u00f3n de los datos, es revocable en cualquier momento. Para ello, debes comunicarlo a <strong>Supershippingwoo.com<\/strong>\u00a0en los t\u00e9rminos establecidos en esta Pol\u00edtica para el ejercicio de los derechos ARCO. Esta revocaci\u00f3n en ning\u00fan caso tendr\u00e1 car\u00e1cter retroactivo. Arriba tienes los datos para tal fin.<\/p><p><b>EMAILS DE CAR\u00c1CTER COMERCIAL<\/b><b><br \/><\/b><\/p><p>Finalmente, y de acuerdo con la LSSICE, <strong>Supershippingwoo.com<\/strong> no realiza pr\u00e1cticas de SPAM, por lo que no env\u00eda correos comerciales por v\u00eda electr\u00f3nica que no hayan sido solicitados o autorizados previamente por el usuario. Hemos facilitado esta opci\u00f3n a\u00f1adiendo a cada uno de los formularios de la web una casilla de consentimiento expreso para recibir el bolet\u00edn.<\/p>\t\t\t\t\t\t\t\t<\/div>\n\t\t\t\t<\/div>\n\t\t\t\t\t<\/div>\n\t\t\t\t<\/div>\n\t\t\t\t<\/div>\n\t\t<div style='text-align:left' class='yasr-auto-insert-visitor'><\/div>","protected":false},"excerpt":{"rendered":"<p>Pol\u00edtica de Privacidad PROTECCI\u00d3N DE DATOS En esta web puedes estar seguro de que tratamos tus datos de la forma m\u00e1s discreta posible y totalmente ajustada a las leyes establecidas a estos efectos. Te explicamos los detalles: En virtud de lo dispuesto en la Ley 15\/1999, de 13 de diciembre, de Protecci\u00f3n de Datos de [&hellip;]<\/p>\n","protected":false},"author":92,"featured_media":0,"parent":0,"menu_order":0,"comment_status":"closed","ping_status":"closed","template":"","meta":{"_acf_changed":false,"yasr_overall_rating":0,"yasr_post_is_review":"","yasr_auto_insert_disabled":"","yasr_review_type":"","_joinchat":[],"footnotes":""},"class_list":["post-576","page","type-page","status-publish","hentry"],"acf":[],"yasr_visitor_votes":{"stars_attributes":{"read_only":false,"span_bottom":false},"number_of_votes":0,"sum_votes":0},"_links":{"self":[{"href":"https:\/\/supershippingwoo.com\/es\/wp-json\/wp\/v2\/pages\/576","targetHints":{"allow":["GET"]}}],"collection":[{"href":"https:\/\/supershippingwoo.com\/es\/wp-json\/wp\/v2\/pages"}],"about":[{"href":"https:\/\/supershippingwoo.com\/es\/wp-json\/wp\/v2\/types\/page"}],"author":[{"embeddable":true,"href":"https:\/\/supershippingwoo.com\/es\/wp-json\/wp\/v2\/users\/92"}],"replies":[{"embeddable":true,"href":"https:\/\/supershippingwoo.com\/es\/wp-json\/wp\/v2\/comments?post=576"}],"version-history":[{"count":6,"href":"https:\/\/supershippingwoo.com\/es\/wp-json\/wp\/v2\/pages\/576\/revisions"}],"predecessor-version":[{"id":6644,"href":"https:\/\/supershippingwoo.com\/es\/wp-json\/wp\/v2\/pages\/576\/revisions\/6644"}],"wp:attachment":[{"href":"https:\/\/supershippingwoo.com\/es\/wp-json\/wp\/v2\/media?parent=576"}],"curies":[{"name":"wp","href":"https:\/\/api.w.org\/{rel}","templated":true}]}}