{"id":589,"date":"2022-06-08T21:39:16","date_gmt":"2022-06-08T19:39:16","guid":{"rendered":"https:\/\/supershippingwoo.com\/?page_id=589"},"modified":"2026-04-22T18:51:27","modified_gmt":"2026-04-22T16:51:27","slug":"politica-de-cookies","status":"publish","type":"page","link":"https:\/\/supershippingwoo.com\/es\/politica-de-cookies\/","title":{"rendered":"Pol\u00edtica de cookies"},"content":{"rendered":"\t\t<div data-elementor-type=\"wp-page\" data-elementor-id=\"589\" class=\"elementor elementor-589\" data-elementor-post-type=\"page\">\n\t\t\t\t<div class=\"elementor-element elementor-element-97d64ba e-flex e-con-boxed e-con e-parent\" data-id=\"97d64ba\" data-element_type=\"container\" data-e-type=\"container\" data-settings=\"{&quot;background_background&quot;:&quot;classic&quot;}\">\n\t\t\t\t\t<div class=\"e-con-inner\">\n\t\t\t\t<div class=\"elementor-element elementor-element-56973c2 elementor-widget-divider--view-line elementor-widget elementor-widget-divider\" data-id=\"56973c2\" data-element_type=\"widget\" data-e-type=\"widget\" data-widget_type=\"divider.default\">\n\t\t\t\t<div class=\"elementor-widget-container\">\n\t\t\t\t\t\t\t<div class=\"elementor-divider\">\n\t\t\t<span class=\"elementor-divider-separator\">\n\t\t\t\t\t\t<\/span>\n\t\t<\/div>\n\t\t\t\t\t\t<\/div>\n\t\t\t\t<\/div>\n\t\t\t\t<div class=\"elementor-element elementor-element-2f21033 elementor-widget elementor-widget-heading\" data-id=\"2f21033\" data-element_type=\"widget\" data-e-type=\"widget\" data-widget_type=\"heading.default\">\n\t\t\t\t<div class=\"elementor-widget-container\">\n\t\t\t\t\t<h2 class=\"elementor-heading-title elementor-size-default\">Pol\u00edtica de cookies<\/h2>\t\t\t\t<\/div>\n\t\t\t\t<\/div>\n\t\t\t\t<div class=\"elementor-element elementor-element-1ff0f87 elementor-widget-divider--view-line elementor-widget elementor-widget-divider\" data-id=\"1ff0f87\" data-element_type=\"widget\" data-e-type=\"widget\" data-widget_type=\"divider.default\">\n\t\t\t\t<div class=\"elementor-widget-container\">\n\t\t\t\t\t\t\t<div class=\"elementor-divider\">\n\t\t\t<span class=\"elementor-divider-separator\">\n\t\t\t\t\t\t<\/span>\n\t\t<\/div>\n\t\t\t\t\t\t<\/div>\n\t\t\t\t<\/div>\n\t\t\t\t<div class=\"elementor-element elementor-element-35c1347 elementor-widget elementor-widget-text-editor\" data-id=\"35c1347\" data-element_type=\"widget\" data-e-type=\"widget\" data-widget_type=\"text-editor.default\">\n\t\t\t\t<div class=\"elementor-widget-container\">\n\t\t\t\t\t\t\t\t\t<p class=\"p1\"><span class=\"s1\">En esta web recopilamos y utilizamos la informaci\u00f3n seg\u00fan indicamos en nuestra pol\u00edtica de privacidad. Una de las formas en las que recopilamos informaci\u00f3n es a trav\u00e9s del uso de la tecnolog\u00eda llamada \u201ccookies\u201d. En <strong>Supershippingwoo.com<\/strong> utilizamos cookies para varias cosas.<\/span><\/p><p class=\"p1\"><span class=\"s1\">Al navegar por este portal Web, como usuario, tienes la opci\u00f3n de aceptar o rechazar las cookies en tu terminal.<\/span><\/p><p class=\"p2\"><span class=\"s2\"><b>DEFINICI\u00d3N Y FUNCI\u00d3N GEN\u00c9RICA DE NUESTRAS COOKIES<\/b><\/span><\/p><p class=\"p3\"><span class=\"s1\">Las cookies nos permiten conocer la siguiente informaci\u00f3n sobre ti:<\/span><\/p><ul class=\"ul1\"><li class=\"li4\"><span class=\"s4\">Informaci\u00f3n estad\u00edstica del uso de la web.<\/span><\/li><li class=\"li4\"><span class=\"s4\">El formato de la web preferente en el acceso desde dispositivos m\u00f3viles.<\/span><\/li><li class=\"li4\"><span class=\"s4\">Las \u00faltimas b\u00fasquedas realizadas en los servicios de la web y datos de personalizaci\u00f3n de estos servicios.<\/span><\/li><li class=\"li4\"><span class=\"s4\">Informaci\u00f3n sobre los anuncios que se muestran.<\/span><\/li><li class=\"li4\"><span class=\"s4\">Datos de la conexi\u00f3n con las redes sociales<\/span><\/li><\/ul><p class=\"p1\"><span class=\"s1\">Una cookie debe entenderse como cualquier tipo de dispositivo de almacenamiento y recuperaci\u00f3n de datos que se utilice en el equipo terminal de un usuario con la finalidad de almacenar informaci\u00f3n y recuperar la informaci\u00f3n ya almacenada, seg\u00fan establece el art\u00edculo 22.2 de la LSSI.<\/span><\/p><p class=\"p1\"><span class=\"s1\">Las cookies permiten el almacenamiento en el terminal del usuario de cantidades de datos que van de unos pocos kilobytes a varios megabytes.<\/span><\/p><p class=\"p2\"><span class=\"s2\"><b>\u00bfQU\u00c9 INFORMACI\u00d3N ALMACENA UNA COOKIE?<\/b><\/span><\/p><p class=\"p3\"><span class=\"s1\">Las cookies no suelen almacenar informaci\u00f3n sensible, como tarjetas de cr\u00e9dito o datos bancarios, fotograf\u00edas o informaci\u00f3n personal, etc. Los datos que guardan son de car\u00e1cter t\u00e9cnico, estad\u00edsticos, preferencias personales, personalizaci\u00f3n de contenidos, etc.<\/span><\/p><p class=\"p2\"><span class=\"s2\"><b>ACEPTACI\u00d3N DE COOKIES<\/b><\/span><\/p><p class=\"p1\"><span class=\"s1\">Al acceder a este sitio web o aplicaci\u00f3n por primera vez, ver\u00e1s una advertencia donde se te informa de la utilizaci\u00f3n de las cookies y donde puedes consultar esta pol\u00edtica de cookies. Si consientes la utilizaci\u00f3n de cookies, las siguientes cookies ser\u00e1n instaladas en tu equipo o dispositivo.<\/span><\/p><p class=\"p1\"><span class=\"s1\">Adem\u00e1s del uso de nuestras cookies propias, permitimos a terceros establecer cookies y acceder a ellas en tu equipo.<\/span><\/p><p class=\"p2\"><span class=\"s2\"><b>COOKIES ACEPTADAS POR LA NORMATIVA Y COOKIES EXCEPTUADAS<\/b><\/span><\/p><p class=\"p1\"><span class=\"s1\">Seg\u00fan la directiva de la UE, las cookies que requieren el consentimiento informado por parte del usuario son las cookies de anal\u00edtica y las de publicidad, quedando exceptuadas las de car\u00e1cter t\u00e9cnico y las necesarias para el funcionamiento del sitio web o la prestaci\u00f3n de servicios expresamente solicitados por el usuario.<\/span><\/p><p class=\"p2\"><span class=\"s2\"><b>\u00bfQU\u00c9 COOKIES UTILIZA ESTA WEB?<\/b><\/span><\/p><p class=\"p1\"><span class=\"s1\">Esta web utiliza cookies propias y de terceros. En este sitio web se utilizan las siguientes cookies que se detallan a continuaci\u00f3n:<\/span><\/p><p class=\"p2\"><span class=\"s1\"><b>Cookies estrictamente necesarias:<\/b><\/span><\/p><p>Las cookies estrictamente necesarias tienen que activarse siempre para que podamos guardar tus preferencias de ajustes de cookies y para que la web funcione correctamente.<\/p><p class=\"p2\"><span class=\"s1\"><b>Cookies de terceros:<\/b><\/span><\/p><p class=\"p1\"><span class=\"s1\">Cookies anal\u00edticas:<\/span><\/p><p class=\"p1\"><span class=\"s1\">Esta web utiliza servicios de an\u00e1lisis, concretamente, Google Analytics para ayudar al website a analizar el uso que hacen los usuarios del sitio web y mejorar la usabilidad del mismo, pero en ning\u00fan caso se asocian a datos que pudieran llegar a identificar al usuario. Google Analytics, es un servicio anal\u00edtico de web prestado por Google, Inc.<\/span><\/p><p class=\"p1\"><span class=\"s1\">Cookies de redes sociales:<\/span><\/p><p class=\"p1\"><span class=\"s1\">Las cookies de redes sociales pueden almacenarse en tu navegador mientras navegas por supershippingwoo.com por ejemplo, cuando utilizas el bot\u00f3n de compartir contenidos en alguna red social.<\/span><\/p><p class=\"p1\"><span class=\"s1\">A continuaci\u00f3n, tienes informaci\u00f3n sobre las cookies de las redes sociales que utiliza esta web en sus propias pol\u00edticas de cookies:<\/span><\/p><ul class=\"ul1\"><li class=\"li4\"><span class=\"s4\">Cookies de Facebook, ver m\u00e1s informaci\u00f3n en su\u00a0<a href=\"https:\/\/www.facebook.com\/policies\/cookies\/\" target=\"_blank\" rel=\"noopener\"><span class=\"s5\">pol\u00edtica de cookies<\/span><\/a><\/span><\/li><li class=\"li4\"><span class=\"s4\"><span class=\"s4\">Cookies de Twitter, ver m\u00e1s informaci\u00f3n en su\u00a0<a href=\"https:\/\/twitter.com\/privacy\" target=\"_blank\" rel=\"noopener\"><span class=\"s5\">pol\u00edtica de cookies<\/span><\/a><\/span><\/span><p>\u00a0<\/p><\/li><\/ul><p class=\"p2\"><span class=\"s2\"><b>C\u00d3MO CONTROLAS LAS COOKIES<\/b><\/span><\/p><p class=\"p1\"><span class=\"s1\">La mayor\u00eda de los navegadores permite a los usuarios controlar las cookies mediante las preferencias de configuraci\u00f3n, es posible que se resienta la experiencia general de uso, ya que no ser\u00e1 una experiencia personalizada. Tambi\u00e9n puede que no sea posible guardar valores de configuraci\u00f3n personalizados como la informaci\u00f3n de inicio de sesi\u00f3n.<\/span><\/p><p class=\"p2\"><span class=\"s1\"><b>Proporcionamos los enlaces necesarios para configurar las opciones respecto a las cookies en cada navegador:<\/b><\/span><\/p><ul class=\"ul1\"><li class=\"li5\"><span class=\"s3\"><a href=\"https:\/\/support.google.com\/chrome\/answer\/95647?hl=en\" target=\"_blank\" rel=\"noopener\"><span class=\"s5\">Google Chrome<\/span><\/a><\/span><\/li><li class=\"li5\"><span class=\"s3\"><a href=\"https:\/\/support.microsoft.com\/en-us\/kb\/260971\" target=\"_blank\" rel=\"noopener\"><span class=\"s5\">Internet Explorer<\/span><\/a><\/span><\/li><li class=\"li5\"><span class=\"s3\"><a href=\"https:\/\/support.mozilla.org\/en-US\/kb\/cookies-information-websites-store-on-your-computer\" target=\"_blank\" rel=\"noopener\"><span class=\"s5\">Mozilla Firefox<\/span><\/a><\/span><\/li><li class=\"li5\"><span class=\"s3\"><a href=\"https:\/\/support.apple.com\/kb\/PH5042?locale=en_US\" target=\"_blank\" rel=\"noopener\"><span class=\"s5\">Safari (versi\u00f3n escritorio)<\/span><\/a><\/span><\/li><li class=\"li5\"><span class=\"s3\"><a href=\"https:\/\/support.apple.com\/en-us\/HT201265\" target=\"_blank\" rel=\"noopener\"><span class=\"s5\">Safari (versi\u00f3n m\u00f3vil)<\/span><\/a><\/span><\/li><li class=\"li5\"><span class=\"s3\"><a href=\"http:\/\/support.google.com\/ics\/nexus\/bin\/answer.py?hl=en&amp;answer=2425067\" target=\"_blank\" rel=\"noopener\"><span class=\"s5\">Navegador Android<\/span><\/a><\/span><\/li><li class=\"li5\"><span class=\"s3\"><a href=\"http:\/\/www.opera.com\/help\" target=\"_blank\" rel=\"noopener\"><span class=\"s5\">Opera<\/span><\/a><\/span><\/li><li class=\"li5\"><span class=\"s3\"><a href=\"http:\/\/www.opera.com\/help\/mobile\/android#privacy\" target=\"_blank\" rel=\"noopener\"><span class=\"s5\">Opera (versi\u00f3n m\u00f3vil)<\/span><\/a><\/span><\/li><\/ul><p class=\"p1\"><span class=\"s2\">\u00a0<\/span><\/p><p class=\"p2\"><span class=\"s2\"><b>M\u00c1S INFORMACI\u00d3N SOBRE LAS COOKIES<\/b><\/span><\/p><p class=\"p1\"><span class=\"s1\">Puedes consultar el reglamento sobre cookies publicado por la Agencia Espa\u00f1ola de Protecci\u00f3n de Datos en su \u201c<a href=\"https:\/\/www.aepd.es\/sites\/default\/files\/2019-12\/guia-cookies_1.pdf\" target=\"_blank\" rel=\"noopener\"><span class=\"s5\">Gu\u00eda sobre el uso de las cookies\u201d<\/span><\/a>\u00a0y \u00a0obtener m\u00e1s informaci\u00f3n sobre las cookies en Internet,\u00a0<a href=\"http:\/\/www.aboutcookies.org\/\" target=\"_blank\" rel=\"noopener\"><span class=\"s5\">http:\/\/www.aboutcookies.org\/<\/span><\/a><\/span><\/p><p class=\"p1\"><span class=\"s1\">Si deseas tener un mayor control sobre la instalaci\u00f3n de cookies, puedes instalar programas o complementos a su navegador, conocidos como herramientas de \u201cDo Not Track\u201d, que te permitir\u00e1n escoger aquellas cookies que deseas permitir.<\/span><\/p><p class=\"p1\"><span class=\"s1\">Esta pol\u00edtica de cookies ha sido actualizada por ultima vez en junio de 2022.<\/span><\/p>\t\t\t\t\t\t\t\t<\/div>\n\t\t\t\t<\/div>\n\t\t\t\t\t<\/div>\n\t\t\t\t<\/div>\n\t\t\t\t<\/div>\n\t\t<div style='text-align:left' class='yasr-auto-insert-visitor'><\/div>","protected":false},"excerpt":{"rendered":"<p>Pol\u00edtica de cookies En esta web recopilamos y utilizamos la informaci\u00f3n seg\u00fan indicamos en nuestra pol\u00edtica de privacidad. Una de las formas en las que recopilamos informaci\u00f3n es a trav\u00e9s del uso de la tecnolog\u00eda llamada \u201ccookies\u201d. En Supershippingwoo.com utilizamos cookies para varias cosas. Al navegar por este portal Web, como usuario, tienes la opci\u00f3n [&hellip;]<\/p>\n","protected":false},"author":92,"featured_media":0,"parent":0,"menu_order":0,"comment_status":"closed","ping_status":"closed","template":"","meta":{"_acf_changed":false,"yasr_overall_rating":0,"yasr_post_is_review":"","yasr_auto_insert_disabled":"","yasr_review_type":"","_joinchat":[],"footnotes":""},"class_list":["post-589","page","type-page","status-publish","hentry"],"acf":[],"yasr_visitor_votes":{"stars_attributes":{"read_only":false,"span_bottom":false},"number_of_votes":0,"sum_votes":0},"_links":{"self":[{"href":"https:\/\/supershippingwoo.com\/es\/wp-json\/wp\/v2\/pages\/589","targetHints":{"allow":["GET"]}}],"collection":[{"href":"https:\/\/supershippingwoo.com\/es\/wp-json\/wp\/v2\/pages"}],"about":[{"href":"https:\/\/supershippingwoo.com\/es\/wp-json\/wp\/v2\/types\/page"}],"author":[{"embeddable":true,"href":"https:\/\/supershippingwoo.com\/es\/wp-json\/wp\/v2\/users\/92"}],"replies":[{"embeddable":true,"href":"https:\/\/supershippingwoo.com\/es\/wp-json\/wp\/v2\/comments?post=589"}],"version-history":[{"count":9,"href":"https:\/\/supershippingwoo.com\/es\/wp-json\/wp\/v2\/pages\/589\/revisions"}],"predecessor-version":[{"id":6641,"href":"https:\/\/supershippingwoo.com\/es\/wp-json\/wp\/v2\/pages\/589\/revisions\/6641"}],"wp:attachment":[{"href":"https:\/\/supershippingwoo.com\/es\/wp-json\/wp\/v2\/media?parent=589"}],"curies":[{"name":"wp","href":"https:\/\/api.w.org\/{rel}","templated":true}]}}