{"id":600,"date":"2022-06-09T12:58:01","date_gmt":"2022-06-09T10:58:01","guid":{"rendered":"https:\/\/supershippingwoo.com\/?page_id=600"},"modified":"2026-04-22T18:46:10","modified_gmt":"2026-04-22T16:46:10","slug":"condiciones-de-contratacion","status":"publish","type":"page","link":"https:\/\/supershippingwoo.com\/es\/condiciones-de-contratacion\/","title":{"rendered":"Condiciones de contrataci\u00f3n"},"content":{"rendered":"\t\t<div data-elementor-type=\"wp-page\" data-elementor-id=\"600\" class=\"elementor elementor-600\" data-elementor-post-type=\"page\">\n\t\t\t\t<div class=\"elementor-element elementor-element-705d533 e-flex e-con-boxed e-con e-parent\" data-id=\"705d533\" data-element_type=\"container\" data-e-type=\"container\" data-settings=\"{&quot;background_background&quot;:&quot;classic&quot;}\">\n\t\t\t\t\t<div class=\"e-con-inner\">\n\t\t\t\t<div class=\"elementor-element elementor-element-0f1882f elementor-widget-divider--view-line elementor-widget elementor-widget-divider\" data-id=\"0f1882f\" data-element_type=\"widget\" data-e-type=\"widget\" data-widget_type=\"divider.default\">\n\t\t\t\t<div class=\"elementor-widget-container\">\n\t\t\t\t\t\t\t<div class=\"elementor-divider\">\n\t\t\t<span class=\"elementor-divider-separator\">\n\t\t\t\t\t\t<\/span>\n\t\t<\/div>\n\t\t\t\t\t\t<\/div>\n\t\t\t\t<\/div>\n\t\t\t\t<div class=\"elementor-element elementor-element-bb821dc elementor-widget elementor-widget-heading\" data-id=\"bb821dc\" data-element_type=\"widget\" data-e-type=\"widget\" data-widget_type=\"heading.default\">\n\t\t\t\t<div class=\"elementor-widget-container\">\n\t\t\t\t\t<h2 class=\"elementor-heading-title elementor-size-default\">Condiciones de Contrataci\u00f3n<\/h2>\t\t\t\t<\/div>\n\t\t\t\t<\/div>\n\t\t\t\t<div class=\"elementor-element elementor-element-8ca42c9 elementor-widget-divider--view-line elementor-widget elementor-widget-divider\" data-id=\"8ca42c9\" data-element_type=\"widget\" data-e-type=\"widget\" data-widget_type=\"divider.default\">\n\t\t\t\t<div class=\"elementor-widget-container\">\n\t\t\t\t\t\t\t<div class=\"elementor-divider\">\n\t\t\t<span class=\"elementor-divider-separator\">\n\t\t\t\t\t\t<\/span>\n\t\t<\/div>\n\t\t\t\t\t\t<\/div>\n\t\t\t\t<\/div>\n\t\t\t\t<div class=\"elementor-element elementor-element-e4042a7 elementor-widget elementor-widget-text-editor\" data-id=\"e4042a7\" data-element_type=\"widget\" data-e-type=\"widget\" data-widget_type=\"text-editor.default\">\n\t\t\t\t<div class=\"elementor-widget-container\">\n\t\t\t\t\t\t\t\t\t<p class=\"p1\"><span class=\"s1\"><b>RESPONSABLE DEL SITIO WEB<\/b><\/span><\/p><ul class=\"ul1\"><li class=\"li2\"><b><\/b><span class=\"s2\"><b>Responsable:<\/b>\u00a0Rafael Gallego Trillo<\/span><\/li><li class=\"li2\"><b><\/b><span class=\"s2\"><b>Nombre comercial:<\/b>\u00a0Super Shipping para WooCommerce<\/span><\/li><li class=\"li2\"><b><\/b><span class=\"s2\"><b>NIF:<\/b>\u00a032049404P<\/span><\/li><li class=\"li2\"><b><\/b><span class=\"s2\"><b>Direcci\u00f3n:<\/b>\u00a0C\/Ram\u00f3n Barranco, 17, 41820 Carri\u00f3n de los C\u00e9spedes (Sevilla)<\/span><\/li><li class=\"li2\"><b><\/b><span class=\"s2\"><b>Correo electr\u00f3nico:<\/b>\u00a0info@supershippingwoo.com<\/span><\/li><\/ul><p>Las presentes condiciones generales tienen por objeto regular expresamente las condiciones aplicables a los procesos de contrataci\u00f3n llevados a cabo por los usuarios \u201cCliente\u201d de la p\u00e1gina web https:\/\/www.supershippingwoo.com.<\/p><p>Estas condiciones permanecer\u00e1n en vigor y ser\u00e1n validad durante todo el tiempo que est\u00e9n accesible a trav\u00e9s del sitio web, todo ello sin perjuicio de que Rafael Gallego Trillo se reserva el derecho a modificar, sin previo aviso, las condiciones generales as\u00ed como cualquiera de los textos legales que se encuentren en dicho sitio web. En todo caso, el acceso a la Web tras su modificaci\u00f3n, inclusi\u00f3n y\/o sustituci\u00f3n, implica la aceptaci\u00f3n de los mismos por parte del usuario.<\/p><p>El cliente se encuentra sujeto a las condiciones generales vigentes en cada uno de los momentos de realizar la contrataci\u00f3n correspondiente, no siendo posible la contrataci\u00f3n de servicio alguno sin la previa aceptaci\u00f3n de las presentes condiciones generales de contrataci\u00f3n.<\/p><p><strong>INTERVINIENTES<\/strong><\/p><p>El proceso de contrataci\u00f3n electr\u00f3nica a trav\u00e9s del sitio web ser\u00e1 realizado entre el \u201cCliente\u201d y \u201cRafael Gallego Trillo.\u201d<\/p><p>Tendr\u00e1n la consideraci\u00f3n de \u201cCliente\u201d del sitio web aquellos consumidores que sean personas f\u00edsicas, que se registren mediante el formulario establecido rellenando sus datos de nombre, apellidos, direcci\u00f3n, ciudad, pa\u00eds, estado, c\u00f3digo postal, email y contrase\u00f1a, y hayan realizado el pago correspondiente para tener acceso al infoproducto adquirido.<\/p><p><strong>DERECHO DE EXCLUSI\u00d3N<\/strong><\/p><p><strong>Rafael Gallego Trillo <\/strong>se reserva el derecho a denegar o retirar el acceso al portal y\/o los servicios ofrecidos sin necesidad de preaviso, a instancia propia o de un tercero, a aquellos usuarios que incumplan las presentes Condiciones Generales.<\/p><p><strong>QU\u00c9 PRODUCTOS Y SERVICIOS OFRECE ESTA WEB<\/strong><\/p><p>Plugin Super Shipping para WooCommerce destinado a configurar gastos de env\u00edos en tiendas online.<\/p><p>El precio difiere dependiendo del tipo de licencia:<\/p><ul><li><strong>B\u00c1SICO (Pago anual)<\/strong>: cuyo precio es de 39\u20ac (sin impuestos incluidos), con licencia para para un dominio y 1 a\u00f1o de soporte y actualizaciones.<\/li><li><strong>PROFESIONAL (Pago anual): <\/strong>cuyo precio es de 99\u20ac (sin impuestos incluidos), con licencia para 10 dominios y 1 a\u00f1o de soporte y actualizaciones.<\/li><li><strong>AGENCIA (Pago anual)<\/strong>: cuyo precio es de 149\u20ac (sin impuestos incluidos) con licencia para 100 dominios y 1 a\u00f1o de soporte y actualizaciones.<\/li><li><strong>B\u00c1SICO (Un pago)<\/strong>: cuyo precio es de 149\u20ac (sin impuestos incluidos) con licencia para 1 dominio, 1 a\u00f1o de soporte y actualizaciones ilimitadas.<\/li><li><strong>AGENCIA (Un pago)<\/strong>: cuyo precio es de 399\u20ac (sin impuestos) con licencia para 1000 dominios, 1 a\u00f1o de soporte y actualizaciones ilimitadas.<\/li><\/ul><p><strong>FORMAS DE PAGO<\/strong><\/p><p>El pago se efectuar\u00e1 a trav\u00e9s de cualquiera de los siguientes medios:<\/p><p>Tarjeta de d\u00e9bito o cr\u00e9dito, de la que el usuario deber\u00e1 proporcionar el nombre del titular de la tarjeta, el n\u00famero, la fecha de caducidad y el CVV.<\/p><p><strong>RENOVACI\u00d3N DE SUSCRIPCI\u00d3N<\/strong><\/p><p>La licencia de pago anual da derecho a un a\u00f1o de soporte y actualizaciones, as\u00ed como a utilizar el plugin de forma indefinida incluso si se ha caducado el a\u00f1o de soporte y actualizaciones. Para poder seguir teniendo el derecho de soporte y actualizaciones, al concluir el a\u00f1o el cliente deber\u00e1 efectuar una renovaci\u00f3n de la licencia, por lo que se proceder\u00e1 a realizar un nuevo pago por parte del cliente. Este pago se llevar\u00e1 a cabo de forma autom\u00e1tica, realizando un nuevo cargo en la tarjeta con la que el cliente llev\u00f3 a cabo su primer pedido. Al realizarse la renovaci\u00f3n, el cliente recibir\u00e1 un aviso de que se ha procedido al cargo de la misma.<\/p><p>Las suscripciones se podr\u00e1n cancelar en cualquier momento. El cliente tiene a su disposici\u00f3n, en su \u00e1rea de usuario de la web, un bot\u00f3n mediante el que podr\u00e1 realizar esta acci\u00f3n siempre que lo desee.<\/p><p><strong>SOBRE LAS LICENCIAS DE LOS PLUGINS<\/strong><\/p><p>La compra de Super Shipping para WooCommerce proporciona al Cliente el derecho a utilizarlo en los t\u00e9rminos establecidos en esta licencia, pero el c\u00f3digo fuente es propiedad intelectual de Rafael Gallego Trillo y est\u00e1 protegido por las leyes de propiedad intelectual vigentes.<\/p><p><strong>\u00bfA QU\u00c9 DA DERECHO LA COMPRA DEL PLUGIN?<\/strong><\/p><ul><li>Actualizaciones, seg\u00fan el l\u00edmite de tiempo especificado en la licencia adquirida.<\/li><li>Soporte, para cualquier tema relacionado con la instalaci\u00f3n y\/o el funcionamiento del plugin, seg\u00fan el l\u00edmite de tiempo especificado en la licencia adquirida.<\/li><li>Garant\u00eda de reembolso durante 15 d\u00edas.<\/li><li>El plugin se puede instalar y utilizar en cualquiera de las webs que desarrolle, administre o gestione el Cliente, ya sean de su propiedad o de sus clientes. Sin embargo, la licencia s\u00f3lo puede activarse seg\u00fan el n\u00famero de dominios especificado en la licencia adquirida.<\/li><\/ul><p><strong><br \/>\u00bfQU\u00c9 NO PUEDES HACER CON LOS PLUGINS?<\/strong><\/p><p>No puedes venderlos o comercializarlos de ning\u00fan modo. La reventa o distribuci\u00f3n sin autorizaci\u00f3n de Rafael Gallego Trillo est\u00e1 totalmente prohibida.<\/p><p>Rafael Gallego Trillo se reserva el derecho a tomar las medidas oportunas en el caso de comprobar que se est\u00e1 haciendo un uso il\u00edcito o ileg\u00edtimo del infoproducto vendido en esta p\u00e1gina web.<\/p><p><strong>DERECHO DE DESISTIMIENTO Y GARANT\u00cdA DE REEMBOLSO<\/strong><\/p><p>Es importante rese\u00f1ar, que al consumir un producto digital, como son los productos ofertados, en el momento de la compra, perder\u00e1 su derecho, salvo que efectivamente en el caso de plugins sea totalmente incompatible con las caracter\u00edsticas ofertadas o difiera de lo establecido en la p\u00e1gina explicativa del plugin.<\/p><p>Super Shipping para WooCommerce est\u00e1 testado en diversas situaciones, aunque es posible que debido a la diversidad de plugins y plantillas disponibles para WordPress puede hacer que no todo funcione perfectamente todo el tiempo y se produzcan incidencias.<\/p><p>En el caso de que exista alguna incidencia t\u00e9cnica que no se pueda resolver y le haga perder su utilidad se proceder\u00e1 a realizar un reembolso completo de dicho plugin. Sin embargo, es conveniente que el Cliente sepa estas condiciones:<\/p><ol><li>Debe asegurarse de no estar usando versiones obsoletas de WordPress o de WooCommerce. En esos casos no se puede garantizar el correcto funcionamiento del plugin y no se aplica la garant\u00eda de reembolso, ya que la culpa del mal funcionamiento no ser\u00eda del plugin, sino de las versiones obsoletas de WordPress o WooCommerce.<\/li><li>No se realizar\u00e1n reembolsos basados en \u00abcre\u00ed que el plugin hac\u00eda A, pero resulta que hace B\u00bb. Todas las funcionalidades del plugin est\u00e1n detalladas en la p\u00e1gina de compra y la Documentaci\u00f3n, dejando claro qu\u00e9 es exactamente lo que hace. Si existen dudas, lo mejor es contactar con Soporte.<\/li><li>No es posible realizar devoluciones por incidencias t\u00e9cnicas si no me permites intentar solucionarlas. Cada plugin incluye Soporte personal, y estar\u00e9 encantado de revisar y resolver cada incidencia que pudiera surgir. Pero si el Cliente no lo permite no puedo hacer nada.<\/li><li>La solicitud de devoluci\u00f3n debe realizarse dentro de los 15 d\u00edas naturales a partir de la compra.<\/li><\/ol><p>Si finalmente no queda m\u00e1s remedio que proceder al reembolso, el derecho de desistimiento se podr\u00e1 ejercer mediante correo electr\u00f3nico enviado a info@supershippingwoo.com\u00a0indicando nombre y direcci\u00f3n, solicitando la devoluci\u00f3n del importe abonado que se efectuar\u00e1 dentro de los 30 d\u00edas naturales siguientes desde la fecha en que se haya realizado tal comunicaci\u00f3n.<\/p><p><strong>Las renovaciones de las suscripciones no se reembolsar\u00e1n<\/strong>. Para evitar que se produzca el pago de una renovaci\u00f3n, ser\u00e1 el cliente el que deber\u00e1 cancelar la misma desde su \u00e1rea de usuario de la web antes de producirse la fecha de pago de la renovaci\u00f3n.<\/p><p><strong>TRATAMIENTO DE DATOS PERSONALES<\/strong><\/p><p>Toda informaci\u00f3n proporcionada durante el proceso de contrataci\u00f3n ser\u00e1 almacenada por Rafael Gallego Trillo en su calidad de responsable del fichero.<\/p><p>Del mismo modo, y salvo que el cliente haya mostrado su oposici\u00f3n expresa, el usuario consiente expresamente el tratamiento de sus datos personales para remitir informaci\u00f3n de inter\u00e9s, novedades y ofertas sobre los productos y servicios a trav\u00e9s de cualquier medio, incluyendo correo electr\u00f3nico.<\/p><p>Para darse de baja de env\u00edos de comunicaciones publicitarias puede hacerlo enviando un email a info@supershippingwoo.com<\/p><p><strong>LEGISLACI\u00d3N APLICABLE Y JURISDICCI\u00d3N<\/strong><\/p><p>La relaci\u00f3n entre\u00a0<strong>Rafael Gallego Trillo <\/strong>y el\u00a0<strong>CLIENTE<\/strong> se regir\u00e1 por la normativa espa\u00f1ola vigente y cualquier controversia se someter\u00e1 a los Juzgados y tribunales de la ciudad de Sevilla, salvo que la Ley aplicable disponga otra cosa.<\/p>\t\t\t\t\t\t\t\t<\/div>\n\t\t\t\t<\/div>\n\t\t\t\t\t<\/div>\n\t\t\t\t<\/div>\n\t\t\t\t<\/div>\n\t\t<div style='text-align:left' class='yasr-auto-insert-visitor'><\/div>","protected":false},"excerpt":{"rendered":"<p>Condiciones de Contrataci\u00f3n RESPONSABLE DEL SITIO WEB Responsable:\u00a0Rafael Gallego Trillo Nombre comercial:\u00a0Super Shipping para WooCommerce NIF:\u00a032049404P Direcci\u00f3n:\u00a0C\/Ram\u00f3n Barranco, 17, 41820 Carri\u00f3n de los C\u00e9spedes (Sevilla) Correo electr\u00f3nico:\u00a0info@supershippingwoo.com Las presentes condiciones generales tienen por objeto regular expresamente las condiciones aplicables a los procesos de contrataci\u00f3n llevados a cabo por los usuarios \u201cCliente\u201d de la p\u00e1gina web [&hellip;]<\/p>\n","protected":false},"author":92,"featured_media":0,"parent":0,"menu_order":0,"comment_status":"closed","ping_status":"closed","template":"","meta":{"_acf_changed":false,"yasr_overall_rating":0,"yasr_post_is_review":"","yasr_auto_insert_disabled":"","yasr_review_type":"","_joinchat":[],"footnotes":""},"class_list":["post-600","page","type-page","status-publish","hentry"],"acf":[],"yasr_visitor_votes":{"stars_attributes":{"read_only":false,"span_bottom":false},"number_of_votes":0,"sum_votes":0},"_links":{"self":[{"href":"https:\/\/supershippingwoo.com\/es\/wp-json\/wp\/v2\/pages\/600","targetHints":{"allow":["GET"]}}],"collection":[{"href":"https:\/\/supershippingwoo.com\/es\/wp-json\/wp\/v2\/pages"}],"about":[{"href":"https:\/\/supershippingwoo.com\/es\/wp-json\/wp\/v2\/types\/page"}],"author":[{"embeddable":true,"href":"https:\/\/supershippingwoo.com\/es\/wp-json\/wp\/v2\/users\/92"}],"replies":[{"embeddable":true,"href":"https:\/\/supershippingwoo.com\/es\/wp-json\/wp\/v2\/comments?post=600"}],"version-history":[{"count":6,"href":"https:\/\/supershippingwoo.com\/es\/wp-json\/wp\/v2\/pages\/600\/revisions"}],"predecessor-version":[{"id":6623,"href":"https:\/\/supershippingwoo.com\/es\/wp-json\/wp\/v2\/pages\/600\/revisions\/6623"}],"wp:attachment":[{"href":"https:\/\/supershippingwoo.com\/es\/wp-json\/wp\/v2\/media?parent=600"}],"curies":[{"name":"wp","href":"https:\/\/api.w.org\/{rel}","templated":true}]}}